{"id":1767,"date":"2020-10-15T12:10:30","date_gmt":"2020-10-15T10:10:30","guid":{"rendered":"http:\/\/www.blog.flodim.fr\/?page_id=1767"},"modified":"2026-03-03T17:32:39","modified_gmt":"2026-03-03T16:32:39","slug":"high-temperature-geochemical","status":"publish","type":"page","link":"https:\/\/www.flodim.fr\/fr\/what-we-do\/geothermal-wells\/high-temperature-geochemical\/","title":{"rendered":"<p>Sonde G\u00e9ochimique Haute Temp\u00e9rature<\/p>"},"content":{"rendered":"<div data-colibri-id=\"1767-c1\" class=\"style-1215 style-local-1767-c1 position-relative\">\n  <!---->\n  <div data-colibri-component=\"section\" data-colibri-id=\"1767-c8\" id=\"reusable-sections\" class=\"h-section h-section-global-spacing d-flex align-items-lg-center align-items-md-center align-items-center style-1216 style-local-1767-c8 position-relative\">\n    <!---->\n    <!---->\n    <div class=\"h-section-grid-container h-section-boxed-container\">\n      <!---->\n      <div data-colibri-id=\"1767-c9\" class=\"h-row-container gutters-row-lg-2 gutters-row-md-2 gutters-row-0 gutters-row-v-lg-2 gutters-row-v-md-2 gutters-row-v-2 style-1220 style-local-1767-c9 position-relative\">\n        <!---->\n        <div class=\"h-row justify-content-lg-center justify-content-md-center justify-content-center align-items-lg-stretch align-items-md-stretch align-items-stretch gutters-col-lg-2 gutters-col-md-2 gutters-col-0 gutters-col-v-lg-2 gutters-col-v-md-2 gutters-col-v-2\">\n          <!---->\n          <div class=\"h-column h-column-container d-flex h-col-lg-auto h-col-md-auto h-col-auto style-1221-outer style-local-1767-c10-outer\">\n            <div data-colibri-id=\"1767-c10\" class=\"d-flex h-flex-basis h-column__inner h-px-lg-2 h-px-md-2 h-px-2 v-inner-lg-2 v-inner-md-2 v-inner-2 style-1221 style-local-1767-c10 position-relative\">\n              <!---->\n              <!---->\n              <div class=\"w-100 h-y-container h-column__content h-column__v-align flex-basis-100 align-self-lg-center align-self-md-center align-self-center\">\n                <!---->\n                <div data-colibri-id=\"1767-c11\" class=\"h-text h-text-component style-1222 style-local-1767-c11 drop-cap position-relative h-element\">\n                  <!---->\n                  <!---->\n                  <div class=\"\">\n                    <p>La sonde g\u00e9ochimique est issue de travaux de R&amp;D combin\u00e9s notamment sur la protection thermique. Elle enregistre plusieurs param\u00e8tres tels que la conductivit\u00e9, le potentiel redox, le pH, l'O2 (% sat &amp; mg \/ l), la pression, la temp\u00e9rature. Un capteur Gamma-Ray est aussi int\u00e9gr\u00e9 dans la t\u00e9l\u00e9m\u00e9trie.\n                      <br>Cet outil s'av\u00e8re extr\u00eamement utile dans des conditions de fond extr\u00eames telles que le stockage de CO2 et les puits g\u00e9othermiques pour rechercher des conditions potentiellement corrosives.<\/p>\n                  <\/div>\n                <\/div>\n                <div data-colibri-component=\"masonry\" data-colibri-id=\"1767-c12\" class=\"h-photo-gallery margin-none caption-none style-1200 style-local-1767-c12 position-relative h-element\">\n                  <!---->\n                  <div class=\"h-global-transition-all\"><div id=\"colibri-1767-c12\" class=\"gallery-wrapper\">    <style type=\"text\/css\">\n\n        @media (min-width: 1023px) {        #colibri-1767-c12        dl {\n            float: left;\n            width: 25% !important;\n            max-width: 25% !important;\n            min-width: 25% !important;\n        }\n\n        #colibri-1767-c12        dl:nth-of-type(4n +1 ) {\n            clear: both;\n        }\n\n        }@media (min-width: 768px) and (max-width: 1023px) {        #colibri-1767-c12        dl {\n            float: left;\n            width: 25% !important;\n            max-width: 25% !important;\n            min-width: 25% !important;\n        }\n\n        #colibri-1767-c12        dl:nth-of-type(4n +1 ) {\n            clear: both;\n        }\n\n        }@media (max-width: 767px) {        #colibri-1767-c12        dl {\n            float: left;\n            width: 25% !important;\n            max-width: 25% !important;\n            min-width: 25% !important;\n        }\n\n        #colibri-1767-c12        dl:nth-of-type(4n +1 ) {\n            clear: both;\n        }\n\n        }\n        #colibri-1767-c12        .gallery-item {\n            position: relative;\n        }\n\n        \n    <\/style>\n    <div class=\"colibri-1767-c12-dls-wrapper gallery-items-wrapper\"><dl class=\"gallery-item masonry-item\">\n\t\t\t<dt class=\"gallery-icon landscape\">\n\t\t\t\t<img width=\"300\" height=\"300\" src=\"https:\/\/www.flodim.fr\/wp-content\/uploads\/2020\/10\/cropped-wellhead-300x300.jpg\" class=\"colibri-1767-c12-image\" alt=\"\" loading=\"lazy\" srcset=\"https:\/\/www.flodim.fr\/wp-content\/uploads\/2020\/10\/cropped-wellhead-300x300.jpg 300w, https:\/\/www.flodim.fr\/wp-content\/uploads\/2020\/10\/cropped-wellhead-1024x1024.jpg 1024w, https:\/\/www.flodim.fr\/wp-content\/uploads\/2020\/10\/cropped-wellhead-150x150.jpg 150w, https:\/\/www.flodim.fr\/wp-content\/uploads\/2020\/10\/cropped-wellhead-768x767.jpg 768w, https:\/\/www.flodim.fr\/wp-content\/uploads\/2020\/10\/cropped-wellhead-12x12.jpg 12w, https:\/\/www.flodim.fr\/wp-content\/uploads\/2020\/10\/cropped-wellhead.jpg 1200w\" sizes=\"(max-width: 300px) 100vw, 300px\">\n\t\t\t<\/dt><\/dl><dl class=\"gallery-item masonry-item\">\n\t\t\t<dt class=\"gallery-icon landscape\">\n\t\t\t\t<img width=\"300\" height=\"300\" src=\"https:\/\/www.flodim.fr\/wp-content\/uploads\/2020\/10\/geochem_photo-300x300.png\" class=\"colibri-1767-c12-image\" alt=\"\" loading=\"lazy\" srcset=\"https:\/\/www.flodim.fr\/wp-content\/uploads\/2020\/10\/geochem_photo-300x300.png 300w, https:\/\/www.flodim.fr\/wp-content\/uploads\/2020\/10\/geochem_photo-1024x1024.png 1024w, https:\/\/www.flodim.fr\/wp-content\/uploads\/2020\/10\/geochem_photo-150x150.png 150w, https:\/\/www.flodim.fr\/wp-content\/uploads\/2020\/10\/geochem_photo-768x768.png 768w, https:\/\/www.flodim.fr\/wp-content\/uploads\/2020\/10\/geochem_photo-12x12.png 12w, https:\/\/www.flodim.fr\/wp-content\/uploads\/2020\/10\/geochem_photo.png 1122w\" sizes=\"(max-width: 300px) 100vw, 300px\">\n\t\t\t<\/dt><\/dl><dl class=\"gallery-item masonry-item\">\n\t\t\t<dt class=\"gallery-icon landscape\">\n\t\t\t\t<img width=\"300\" height=\"300\" src=\"https:\/\/www.flodim.fr\/wp-content\/uploads\/2020\/09\/cropped-cropped-Chantier_geosel-300x300.jpg\" class=\"colibri-1767-c12-image\" alt=\"\" loading=\"lazy\" srcset=\"https:\/\/www.flodim.fr\/wp-content\/uploads\/2020\/09\/cropped-cropped-Chantier_geosel-300x300.jpg 300w, https:\/\/www.flodim.fr\/wp-content\/uploads\/2020\/09\/cropped-cropped-Chantier_geosel-150x150.jpg 150w, https:\/\/www.flodim.fr\/wp-content\/uploads\/2020\/09\/cropped-cropped-Chantier_geosel-12x12.jpg 12w, https:\/\/www.flodim.fr\/wp-content\/uploads\/2020\/09\/cropped-cropped-Chantier_geosel.jpg 757w\" sizes=\"(max-width: 300px) 100vw, 300px\">\n\t\t\t<\/dt><\/dl><dl class=\"gallery-item masonry-item\">\n\t\t\t<dt class=\"gallery-icon landscape\">\n\t\t\t\t<img width=\"300\" height=\"300\" src=\"https:\/\/www.flodim.fr\/wp-content\/uploads\/2020\/10\/erlenmeyer-300x300.png\" class=\"colibri-1767-c12-image\" alt=\"\" loading=\"lazy\" srcset=\"https:\/\/www.flodim.fr\/wp-content\/uploads\/2020\/10\/erlenmeyer-300x300.png 300w, https:\/\/www.flodim.fr\/wp-content\/uploads\/2020\/10\/erlenmeyer-150x150.png 150w, https:\/\/www.flodim.fr\/wp-content\/uploads\/2020\/10\/erlenmeyer.png 512w\" sizes=\"(max-width: 300px) 100vw, 300px\">\n\t\t\t<\/dt><\/dl>\n\t\t<\/div>\n<style>#colibri-1767-c12 .wp-caption-text.gallery-caption{display:none;}<\/style><\/div><\/div>\n                <\/div>\n                <div data-colibri-id=\"1767-c13\" class=\"h-row-container gutters-row-lg-2 gutters-row-md-2 gutters-row-0 gutters-row-v-lg-2 gutters-row-v-md-2 gutters-row-v-2 style-1223 style-local-1767-c13 position-relative\">\n                  <!---->\n                  <div class=\"h-row justify-content-lg-center justify-content-md-center justify-content-center align-items-lg-stretch align-items-md-stretch align-items-stretch gutters-col-lg-2 gutters-col-md-2 gutters-col-0 gutters-col-v-lg-2 gutters-col-v-md-2 gutters-col-v-2\">\n                    <!---->\n                    <div class=\"h-column h-column-container d-flex h-col-lg-auto h-col-md-auto h-col-auto style-1224-outer style-local-1767-c14-outer\">\n                      <div data-colibri-id=\"1767-c14\" class=\"d-flex h-flex-basis h-column__inner h-px-lg-2 h-px-md-2 h-px-2 v-inner-lg-2 v-inner-md-2 v-inner-2 style-1224 style-local-1767-c14 position-relative\">\n                        <div class=\"background-wrapper\">\n                          <div class=\"background-layer background-layer-media-container-lg\">\n                            <!---->\n                            <div class=\"overlay-layer\">\n                              <div class=\"overlay-image-layer\" style=\"background-color: rgb(255, 255, 255); opacity: 0.9;\"><\/div>\n                              <div class=\"shape-layer colibri-shape-waves\" style=\"background-position: center center; background-size: cover; background-repeat: no-repeat; filter: invert(0%);\"><\/div>\n                            <\/div>\n                          <\/div>\n                          <div class=\"background-layer background-layer-media-container-md\">\n                            <!---->\n                            <div class=\"overlay-layer\">\n                              <div class=\"overlay-image-layer\" style=\"background-color: rgb(255, 255, 255); opacity: 0.9;\"><\/div>\n                              <div class=\"shape-layer colibri-shape-waves\" style=\"background-position: center center; background-size: cover; background-repeat: no-repeat; filter: invert(0%);\"><\/div>\n                            <\/div>\n                          <\/div>\n                          <div class=\"background-layer background-layer-media-container\">\n                            <!---->\n                            <div class=\"overlay-layer\">\n                              <div class=\"overlay-image-layer\" style=\"background-color: rgb(255, 255, 255); opacity: 0.9;\"><\/div>\n                              <div class=\"shape-layer colibri-shape-waves\" style=\"background-position: center center; background-size: cover; background-repeat: no-repeat; filter: invert(0%);\"><\/div>\n                            <\/div>\n                          <\/div>\n                        <\/div>\n                        <!---->\n                        <div class=\"w-100 h-y-container h-column__content h-column__v-align flex-basis-100 align-self-lg-start align-self-md-start align-self-start\">\n                          <!---->\n                          <div data-colibri-component=\"tabs\" data-colibri-id=\"1767-c15\" class=\"h-tabs h-tabs-horizontal h-tabs--horizontal--auto-lg h-tabs--horizontal--auto-md h-tabs--horizontal--full h-tabs h-tabs-horizontal h-tabs--horizontal--auto-lg h-tabs--horizontal--auto-md h-tabs--horizontal--full style-1225 style-local-1767-c15 position-relative h-element\">\n                            <!---->\n                            <div class=\"h-tabs-navigation d-flex h-tabs-navigation-horizontal\">\n                              <a href=\"#specifications\" class=\"h-tabs-navigation-item d-flex align-items-center h-global-transition h-tabs-navigation-active-item h-custom-active-state\" rel=\"#specifications\"><span class=\"h-svg-icon\"><!--Icon by Ionicons (https:\/\/ionicons.com)--><svg version=\"1.1\" xmlns=\"http:\/\/www.w3.org\/2000\/svg\" xmlns:xlink=\"http:\/\/www.w3.org\/1999\/xlink\" id=\"arrow-resize\" viewbox=\"0 0 320 512\"><path d=\"M192 96h128v128l-50-50-9 9L78 366l50 50H0V288l50 50 128-128 64-64z\"><\/path><\/svg><\/span>                                <span class=\"h-tabs-navigation-item__text\">Sp\u00e9cifications<\/span><\/a>\n                              <a href=\"#sensors\" class=\"h-tabs-navigation-item d-flex align-items-center h-global-transition\" rel=\"#sensors\"><span class=\"h-svg-icon\"><!--Icon by Font Awesome (https:\/\/fontawesome.com)--><svg version=\"1.1\" xmlns=\"http:\/\/www.w3.org\/2000\/svg\" xmlns:xlink=\"http:\/\/www.w3.org\/1999\/xlink\" id=\"rss\" viewbox=\"0 0 1438.6896 1896.0833\"><path d=\"M384 1344q0 80-56 136t-136 56-136-56-56-136 56-136 136-56 136 56 56 136zm512 123q2 28-17 48-18 21-47 21H697q-25 0-43-16.5t-20-41.5q-22-229-184.5-391.5T58 902q-25-2-41.5-20T0 839V704q0-29 21-47 17-17 43-17h5q160 13 306 80.5T634 902q114 113 181.5 259t80.5 306zm512 2q2 27-18 47-18 20-46 20h-143q-26 0-44.5-17.5T1137 1476q-12-215-101-408.5t-231.5-336-336-231.5T60 398q-25-1-42.5-19.5T0 335V192q0-28 20-46 18-18 44-18h3q262 13 501.5 120T994 542q187 186 294 425.5t120 501.5z\"><\/path><\/svg><\/span>                                <span class=\"h-tabs-navigation-item__text\">Capteurs<\/span><\/a>\n                            <\/div>\n                            <div id=\"specifications\" skip-smooth-scroll=\"true\" skip-scroll-spy=\"true\" data-colibri-id=\"1767-c16\" class=\"h-tabs-item-content h-tabs-item h-tabs-content-horizontal h-tabs-content-1767-c16 style-1226 style-local-1767-c16 position-relative h-element h-tabs-content-active\">\n                              <!---->\n                              <div class=\"w-100 h-y-container\">\n                                <!---->\n                                <div data-colibri-id=\"1767-c17\" class=\"style-1227 style-local-1767-c17 position-relative h-element\">\n                                  <!---->\n                                  <div class=\"\"><table class=\"spec-table alt-header\">\r\n  <colgroup>\r\n    <col style=\"width: 50%;\" span=\"1\">\r\n    <col style=\"width: 25%;\" span=\"1\">\r\n    <col style=\"width: 25%;\" span=\"1\">\r\n  <\/colgroup>\r\n<tbody> \r\n<tr>\r\n<th>&nbsp;<\/th>\r\n<th>imperial<\/th>\r\n<th>m\u00e9trique<\/th>\r\n<\/tr>\r\n<tr>\r\n<td>Diam\u00e8tre<\/td>\r\n<td>1-7\/8\"<\/td>\r\n<td>48 mm<\/td>\r\n<\/tr>\r\n<tr>\r\n<td>Longueur<\/td>\r\n<td>6 ft<\/td>\r\n<td>1870 mm<\/td>\r\n<\/tr>\r\n<tr>\r\n<td>Poids<\/td>\r\n<td>30 lbs<\/td>\r\n<td>14.8 kg<\/td>\r\n<\/tr>\r\n<tr>\r\n<td>Temp\u00e9rature Max. (2h)<\/td>\r\n<td>&nbsp;240 &deg;F<\/td>\r\n<td>115 &deg;C<\/td>\r\n<\/tr>\r\n<tr>\r\n<td>Pression Max.<\/td>\r\n<td>5 800 psi<\/td>\r\n<td>400 bar<\/td>\r\n<\/tr>\r\n<tr>\r\n<td>C\u00e2ble<\/td>\r\n<td colspan=\"2\">Mono or 4-conducteurs, jusqu'\u00e0 5000 m<\/td>\r\n<\/tr>\r\n<\/tbody>\r\n<\/table><\/div>\n                                <\/div>\n                              <\/div>\n                            <\/div>\n                            <div id=\"sensors\" skip-smooth-scroll=\"true\" skip-scroll-spy=\"true\" data-colibri-id=\"1767-c18\" class=\"h-tabs-item-content h-tabs-item h-tabs-content-horizontal h-tabs-content-1767-c18 style-1228 style-local-1767-c18 position-relative h-element hide\">\n                              <!---->\n                              <div class=\"w-100 h-y-container\">\n                                <!---->\n                                <div data-colibri-id=\"1767-c19\" class=\"style-1229 style-local-1767-c19 position-relative h-element\">\n                                  <!---->\n                                  <div class=\"\"><table class=\"spec-table alt-header\">\r\n  <colgroup>\r\n    <col style=\"width: 50%;\" span=\"1\">\r\n    <col style=\"width: 50%;\" span=\"1\"> \r\n  <\/colgroup>\r\n<tbody>\r\n<tr>\r\n  <td>Temp\u00e9rature (Pr\u00e9cision\/R\u00e9solution)<\/td><td>0.005 \/ 0.001 &deg;C<\/td>\r\n<\/tr>\r\n<tr>\r\n<td>Pression (Pr\u00e9cision\/R\u00e9solution)<\/td><td>0.05% \/ 0.0015% FS<\/td>\r\n<\/tr>\r\n<tr>\r\n<td>Conductivit\u00e9 en eau sal\u00e9e (Pr\u00e9cision\/ R\u00e9solution)<\/td>\r\n<td>0.007 \/ 0.001 mS\/cm&nbsp; -&nbsp; max: 70<\/td>\r\n<\/tr>\r\n<tr>\r\n<td>Conductivit\u00e9 en eau douce (Pr\u00e9cision\/ R\u00e9solution)<\/td>\r\n<td>5 \/ 0.1 uS\/cm<\/td>\r\n<\/tr>\r\n<tr>\r\n<td>Oxyg\u00e8ne (Pr\u00e9cision\/ R\u00e9solution)<\/td>\r\n<td>0.1 \/ 0.01 ppm<\/td>\r\n<\/tr>\r\n<tr>\r\n<td>Saturation de l'Oxyg\u00e8ne (Pr\u00e9cision\/ R\u00e9solution)<\/td>\r\n<td>1 \/ 0.1 %<\/td>\r\n<\/tr>\r\n  <tr>\r\n<td>pH (Pr\u00e9cision\/ R\u00e9solution) <\/td>\r\n<td>0.01 \/ 0.001<\/td>\r\n<\/tr>\r\n  <tr>\r\n<td>Redox (Pr\u00e9cision\/ R\u00e9solution)<\/td>\r\n<td>1 \/ 0.1 mV<\/td>\r\n<\/tr>\r\n<\/tbody>\r\n<\/table><\/div>\n                                <\/div>\n                              <\/div>\n                            <\/div>\n                          <\/div>\n                          <div data-colibri-id=\"1767-c20\" class=\"d-block style-1252 style-local-1767-c20 position-relative h-element\">\n                            <!---->\n                            <div class=\"h-image__frame-container-outer\">\n                              <div class=\"h-image__frame-container\">\n                                <!---->\n                                <!---->\n                                <img loading=\"lazy\" width=\"927\" height=\"1122\" src=\"http:\/\/www.flodim.fr\/wp-content\/uploads\/2020\/10\/log_geochimique2.png\" class=\"wp-image-1908 style-1252-image style-local-1767-c20-image\" srcset=\"https:\/\/www.flodim.fr\/wp-content\/uploads\/2020\/10\/log_geochimique2.png 927w, https:\/\/www.flodim.fr\/wp-content\/uploads\/2020\/10\/log_geochimique2-248x300.png 248w, https:\/\/www.flodim.fr\/wp-content\/uploads\/2020\/10\/log_geochimique2-846x1024.png 846w, https:\/\/www.flodim.fr\/wp-content\/uploads\/2020\/10\/log_geochimique2-768x930.png 768w, https:\/\/www.flodim.fr\/wp-content\/uploads\/2020\/10\/log_geochimique2-10x12.png 10w\" sizes=\"(max-width: 927px) 100vw, 927px\" alt=\"\">\n                                <div class=\"h-image__frame h-hide-lg h-hide-md h-hide-sm style-1252-frameImage style-local-1767-c20-frameImage\"><\/div>\n                              <\/div>\n                            <\/div>\n                          <\/div>\n                        <\/div>\n                      <\/div>\n                    <\/div>\n                    <div class=\"h-column h-column-container d-flex h-col-lg-auto h-col-md-auto h-col-auto style-1235-outer style-local-1767-c21-outer\">\n                      <div data-colibri-id=\"1767-c21\" class=\"d-flex h-flex-basis h-column__inner h-px-lg-2 h-px-md-2 h-px-2 v-inner-lg-2 v-inner-md-2 v-inner-2 style-1235 style-local-1767-c21 position-relative\">\n                        <!---->\n                        <!---->\n                        <div class=\"w-100 h-y-container h-column__content h-column__v-align flex-basis-100 align-self-lg-start align-self-md-start align-self-start\">\n                          <!---->\n                          <div data-colibri-id=\"1767-c22\" class=\"d-block style-1236 style-local-1767-c22 position-relative h-element\">\n                            <!---->\n                            <div class=\"h-image__frame-container-outer\">\n                              <div class=\"h-image__frame-container\">\n                                <!---->\n                                <!---->\n                                <img loading=\"lazy\" width=\"380\" height=\"1726\" src=\"http:\/\/www.flodim.fr\/wp-content\/uploads\/2020\/12\/Geochemical_Drawing.png\" class=\"wp-image-5011 style-1236-image style-local-1767-c22-image\" srcset=\"https:\/\/www.flodim.fr\/wp-content\/uploads\/2020\/12\/Geochemical_Drawing.png 380w, https:\/\/www.flodim.fr\/wp-content\/uploads\/2020\/12\/Geochemical_Drawing-66x300.png 66w, https:\/\/www.flodim.fr\/wp-content\/uploads\/2020\/12\/Geochemical_Drawing-338x1536.png 338w\" sizes=\"(max-width: 380px) 100vw, 380px\" alt=\"\">\n                                <div class=\"h-image__frame h-hide-lg h-hide-md h-hide-sm style-1236-frameImage style-local-1767-c22-frameImage\"><\/div>\n                              <\/div>\n                            <\/div>\n                          <\/div>\n                          <div data-colibri-id=\"1767-c23\" class=\"style-1663 style-local-1767-c23 position-relative h-element\">\n                            <!---->\n                            <div class=\"\"><a href=\"mailto:contact@flodim.fr?subject=Enquiry about Geochemical&amp;body=Hello,\r\nCould you please provide me with more information about Geochemical ?\r\nBest regards.\">\r\n  <!--div class=\"datasheet_button\" width=\"32px\" height=\"32px\"><\/div-->\r\n  <div class=\"datasheet_button2\">Fiche technique <img src=\"\/wp-content\/uploads\/2020\/11\/pdf.png\" width=\"32 height=\" alt=\"pdf\">\r\n  <\/div>\r\n<\/a><\/div>\n                          <\/div>\n                        <\/div>\n                      <\/div>\n                    <\/div>\n                  <\/div>\n                <\/div>\n              <\/div>\n            <\/div>\n          <\/div>\n        <\/div>\n      <\/div>\n    <\/div>\n  <\/div>\n  <div data-colibri-component=\"section\" data-colibri-id=\"1767-c24\" id=\"reusable-sections-2\" class=\"h-section h-section-global-spacing d-flex align-items-lg-center align-items-md-center align-items-center style-1402 style-local-1767-c24 position-relative\">\n    <!---->\n    <!---->\n    <div class=\"h-section-grid-container h-section-boxed-container\">\n      <!---->\n      <div data-colibri-id=\"1767-c25\" class=\"h-row-container gutters-row-lg-2 gutters-row-md-2 gutters-row-0 gutters-row-v-lg-2 gutters-row-v-md-2 gutters-row-v-2 style-1403 style-local-1767-c25 position-relative\">\n        <!---->\n        <div class=\"h-row justify-content-lg-center justify-content-md-center justify-content-center align-items-lg-stretch align-items-md-stretch align-items-stretch gutters-col-lg-2 gutters-col-md-2 gutters-col-0 gutters-col-v-lg-2 gutters-col-v-md-2 gutters-col-v-2\">\n          <!---->\n          <div class=\"h-column h-column-container d-flex h-col-lg-auto h-col-md-auto h-col-auto style-1404-outer style-local-1767-c26-outer\">\n            <div data-colibri-id=\"1767-c26\" class=\"d-flex h-flex-basis h-column__inner h-px-lg-2 h-px-md-2 h-px-2 v-inner-lg-2 v-inner-md-2 v-inner-2 style-1404 style-local-1767-c26 position-relative\">\n              <!---->\n              <!---->\n              <div class=\"w-100 h-y-container h-column__content h-column__v-align flex-basis-100 align-self-lg-start align-self-md-start align-self-start\">\n                <!---->\n                <div data-colibri-id=\"1767-c27\" class=\"style-1405 style-local-1767-c27 position-relative h-element\">\n                  <!---->\n                  <div class=\"\"><a title=\"Parent topic\" href=\"..\/\">\r\n<div style=\"border:1px solid black; width:40px; height:40px; position:fixed; bottom:50px; left: 20px; border-radius:50%; background-color:rgba(200, 200, 255, .5); background-size:contain; background-image:url('https:\/\/www.flaticon.com\/svg\/static\/icons\/svg\/318\/318504.svg');\" class=\"navkeys\">\r\n<\/div>\r\n<\/a>\r\n\r\n<a title=\"Top of page\" href=\"#\">\r\n<div style=\"border:1px solid black; width:40px; height:40px; position:fixed; bottom:100px; left: 20px; border-radius:50%; background-color:rgba(200, 200, 255, .5); background-size:contain; background-image:url('https:\/\/www.flaticon.com\/svg\/static\/icons\/svg\/318\/318503.svg'); scroll-behavior: smooth;\" class=\"navkeys\">\r\n<\/div>\r\n<\/a><\/div>\n                <\/div>\n              <\/div>\n            <\/div>\n          <\/div>\n        <\/div>\n      <\/div>\n    <\/div>\n  <\/div>\n<\/div>","protected":false},"excerpt":{"rendered":"<p>The geochemical probe is resulting from a combination of R&amp;D programs involving thermal shielding. It records multi-parameters such as Conductivity, Redox potential, pH, O2 (% sat &amp; mg\/l), Pressure, Temperature. It also includes a Gamma-Ray sensor in the telemetry. Extremely useful in extreme environments such as CO2 storage and geothermal wells to look for potential [&hellip;]<\/p>","protected":false},"author":1,"featured_media":0,"parent":1601,"menu_order":0,"comment_status":"closed","ping_status":"closed","template":"page-templates\/full-width-page.php","meta":{"content-type":""},"aioseo_notices":[],"_links":{"self":[{"href":"https:\/\/www.flodim.fr\/fr\/wp-json\/wp\/v2\/pages\/1767"}],"collection":[{"href":"https:\/\/www.flodim.fr\/fr\/wp-json\/wp\/v2\/pages"}],"about":[{"href":"https:\/\/www.flodim.fr\/fr\/wp-json\/wp\/v2\/types\/page"}],"author":[{"embeddable":true,"href":"https:\/\/www.flodim.fr\/fr\/wp-json\/wp\/v2\/users\/1"}],"replies":[{"embeddable":true,"href":"https:\/\/www.flodim.fr\/fr\/wp-json\/wp\/v2\/comments?post=1767"}],"version-history":[{"count":20,"href":"https:\/\/www.flodim.fr\/fr\/wp-json\/wp\/v2\/pages\/1767\/revisions"}],"predecessor-version":[{"id":9436,"href":"https:\/\/www.flodim.fr\/fr\/wp-json\/wp\/v2\/pages\/1767\/revisions\/9436"}],"up":[{"embeddable":true,"href":"https:\/\/www.flodim.fr\/fr\/wp-json\/wp\/v2\/pages\/1601"}],"wp:attachment":[{"href":"https:\/\/www.flodim.fr\/fr\/wp-json\/wp\/v2\/media?parent=1767"}],"curies":[{"name":"wp","href":"https:\/\/api.w.org\/{rel}","templated":true}]}}