{"id":1601,"date":"2020-10-14T09:57:43","date_gmt":"2020-10-14T07:57:43","guid":{"rendered":"http:\/\/www.blog.flodim.fr\/?page_id=1601"},"modified":"2022-04-11T10:51:06","modified_gmt":"2022-04-11T08:51:06","slug":"geothermal-wells","status":"publish","type":"page","link":"https:\/\/www.flodim.fr\/fr\/what-we-do\/geothermal-wells\/","title":{"rendered":"<p>G\u00e9othermie Haute Temp\u00e9rature<\/p>"},"content":{"rendered":"<div data-colibri-id=\"1601-c1\" class=\"style-1147 style-local-1601-c1 position-relative\">\n  <!---->\n  <div data-colibri-component=\"section\" data-colibri-id=\"1601-c2\" id=\"initial-content\" class=\"h-section h-section-global-spacing d-flex align-items-lg-center align-items-md-center align-items-center style-1148 style-local-1601-c2 position-relative\">\n    <!---->\n    <!---->\n    <div class=\"h-section-grid-container h-section-boxed-container\">\n      <!---->\n      <div data-colibri-id=\"1601-c3\" class=\"h-row-container gutters-row-lg-0 gutters-row-md-0 gutters-row-0 gutters-row-v-lg-0 gutters-row-v-md-0 gutters-row-v-0 style-1149 style-local-1601-c3 position-relative\">\n        <!---->\n        <div class=\"h-row justify-content-lg-center justify-content-md-center justify-content-center align-items-lg-stretch align-items-md-stretch align-items-stretch gutters-col-lg-0 gutters-col-md-0 gutters-col-0 gutters-col-v-lg-0 gutters-col-v-md-0 gutters-col-v-0\">\n          <!---->\n          <div class=\"h-column h-column-container d-flex h-col-lg-auto h-col-md-auto h-col-auto style-1150-outer style-local-1601-c4-outer\">\n            <div data-colibri-id=\"1601-c4\" class=\"d-flex h-flex-basis h-column__inner h-px-lg-0 h-px-md-0 h-px-0 v-inner-lg-0 v-inner-md-0 v-inner-0 style-1150 style-local-1601-c4 position-relative\">\n              <!---->\n              <!---->\n              <div class=\"w-100 h-y-container h-column__content h-column__v-align flex-basis-100 align-self-lg-start align-self-md-start align-self-start\">\n                <!---->\n                <div data-colibri-id=\"1601-c5\" class=\"h-text h-text-component style-1151 style-local-1601-c5 drop-cap position-relative h-element\">\n                  <!---->\n                  <!---->\n                  <div class=\"\">\n                    <p>Depuis 2012,  la soci\u00e9t\u00e9 FLODIM s'est investie dans la conception, la fabrication et les tests de nouveaux instruments haute temp\u00e9rature r\u00e9pondant aux exigences actuelles de la g\u00e9othermie profonde.\n                      <br>L'\u00e9nergie g\u00e9othermique est l'\u00e9nergie thermique produite et stock\u00e9e dans la terre. Normalement rentable, durable et respectueuse de l'environnement, l'\u00e9nergie g\u00e9othermique peut \u00eatre utilis\u00e9e \u00e0 la fois pour la production d'\u00e9lectricit\u00e9 et pour une utilisation directe. Cependant, les incertitudes et risques li\u00e9s au forage et aux activit\u00e9s souterraines peuvent repr\u00e9senter une pr\u00e9occupation pour un d\u00e9veloppement plus large de l'activit\u00e9.<\/p>\n                  <\/div>\n                <\/div>\n                <div data-colibri-id=\"1601-c6\" class=\"h-text h-text-component style-1152 style-local-1601-c6 position-relative h-element\">\n                  <!---->\n                  <!---->\n                  <div class=\"\">\n                    <p>Parmi les principaux sujets de Recherche et D\u00e9veloppement engag\u00e9s par FLODIM, les cam\u00e9ras vid\u00e9o de forage et le syst\u00e8me de pr\u00e9l\u00e8vement de fond r\u00e9pondent aux exigences de haute temp\u00e9rature de la g\u00e9othermie profonde.\n                      <br>La soci\u00e9t\u00e9 FLODIM est \u00e9galement impliqu\u00e9e dans des projets collaboratifs au sein du cluster europ\u00e9en GEOENERGY, en lien \u00e9troit avec les POLE AVENIA (F) et CAPES (H) et au sein du projet norv\u00e9gien CRYOFLASK pour d\u00e9velopper des outils de logging de production Haute Temp\u00e9rature avec frigories embarqu\u00e9es.<\/p>\n                  <\/div>\n                <\/div>\n              <\/div>\n            <\/div>\n          <\/div>\n        <\/div>\n      <\/div>\n    <\/div>\n  <\/div>\n  <div data-colibri-component=\"section\" data-colibri-id=\"1601-c7\" id=\"overlappable\" class=\"h-section h-section-global-spacing d-flex align-items-lg-center align-items-md-center align-items-center style-1153 style-local-1601-c7 position-relative\">\n    <!---->\n    <!---->\n    <div class=\"h-section-grid-container h-section-boxed-container\">\n      <!---->\n      <div data-colibri-id=\"1601-c8\" class=\"h-row-container gutters-row-lg-0 gutters-row-md-0 gutters-row-2 gutters-row-v-lg-0 gutters-row-v-md-0 gutters-row-v-2 style-1154 style-local-1601-c8 position-relative\">\n        <!---->\n        <div class=\"h-row justify-content-lg-center justify-content-md-center justify-content-center align-items-lg-stretch align-items-md-stretch align-items-stretch gutters-col-lg-0 gutters-col-md-0 gutters-col-2 gutters-col-v-lg-0 gutters-col-v-md-0 gutters-col-v-2\">\n          <!---->\n          <div class=\"h-column h-column-container d-flex h-col-lg-4 h-col-md-4 h-col-12 style-1155-outer style-local-1601-c9-outer\">\n            <div data-colibri-id=\"1601-c9\" class=\"d-flex h-flex-basis h-column__inner h-px-lg-2 h-px-md-3 h-px-2 v-inner-lg-2 v-inner-md-3 v-inner-2 style-1155 style-local-1601-c9 position-relative\">\n              <!---->\n              <!---->\n              <div class=\"w-100 h-y-container h-column__content h-column__v-align flex-basis-100 align-self-lg-start align-self-md-start align-self-start\">\n                <!---->\n                <div data-colibri-id=\"1601-c10\" class=\"d-block style-1156 style-local-1601-c10 imagette-round position-relative h-element\">\n                  <!---->\n                  <div class=\"h-image__frame-container-outer\">\n                    <a href=\"\/fr\/high-temperature-cameras\/\" h-use-smooth-scroll=\"true\" class=\"image-link\">\n                      <div class=\"h-image__frame-container\">\n                        <!---->\n                        <div class=\"h-image__overlay style-1156-overlay style-local-1601-c10-overlay\">\n                          <div class=\"overlay-layer\">\n                            <div class=\"overlay-image-layer\" style=\"background-color: rgb(0, 0, 0); opacity: 0.06;\"><\/div>\n                          <\/div>\n                        <\/div>\n                        <img loading=\"lazy\" width=\"1920\" height=\"1920\" src=\"http:\/\/www.flodim.fr\/wp-content\/uploads\/2020\/10\/cropped-IMG_20191014_210110-scaled-1.jpg\" class=\"wp-image-1612 style-1156-image style-local-1601-c10-image\" srcset=\"https:\/\/www.flodim.fr\/wp-content\/uploads\/2020\/10\/cropped-IMG_20191014_210110-scaled-1.jpg 1920w, https:\/\/www.flodim.fr\/wp-content\/uploads\/2020\/10\/cropped-IMG_20191014_210110-scaled-1-300x300.jpg 300w, https:\/\/www.flodim.fr\/wp-content\/uploads\/2020\/10\/cropped-IMG_20191014_210110-scaled-1-1024x1024.jpg 1024w, https:\/\/www.flodim.fr\/wp-content\/uploads\/2020\/10\/cropped-IMG_20191014_210110-scaled-1-150x150.jpg 150w, https:\/\/www.flodim.fr\/wp-content\/uploads\/2020\/10\/cropped-IMG_20191014_210110-scaled-1-768x768.jpg 768w, https:\/\/www.flodim.fr\/wp-content\/uploads\/2020\/10\/cropped-IMG_20191014_210110-scaled-1-1536x1536.jpg 1536w, https:\/\/www.flodim.fr\/wp-content\/uploads\/2020\/10\/cropped-IMG_20191014_210110-scaled-1-12x12.jpg 12w\" sizes=\"(max-width: 1920px) 100vw, 1920px\" alt=\"\">\n                        <div class=\"h-image__frame h-image__frame_shadow h-hide-lg h-hide-md h-hide-sm style-1156-frameImage style-local-1601-c10-frameImage\"><\/div>\n                      <\/div>\n                    <\/a>\n                  <\/div>\n                <\/div>\n                <div data-colibri-id=\"1601-c11\" class=\"h-global-transition-all h-heading style-1157 style-local-1601-c11 position-relative h-element\">\n                  <!---->\n                  <div class=\"h-heading__outer style-1157 style-local-1601-c11\">\n                    <!---->\n                    <!---->\n                    <a href=\"\/fr\/high-temperature-cameras\/\" h-use-smooth-scroll=\"true\">\n                      <h5 class=\"\">CAMERAS HAUTE\n                        <br>TEMP\u00c9RATURE<\/h5>\n                    <\/a>\n                  <\/div>\n                <\/div>\n                <div data-colibri-id=\"1601-c12\" class=\"h-text h-text-component style-1158 style-local-1601-c12 position-relative h-element\">\n                  <!---->\n                  <!---->\n                  <div class=\"\">\n                    <p>Fonctionnant sur un c\u00e2ble standard, avec protection thermique, optimisation du transfert de chaleur, communication rapide et m\u00e9thodes de compression d'image, nos cam\u00e9ras vid\u00e9o de forage seront capables d'op\u00e9rer dans des conditions extr\u00eames.<\/p>\n                  <\/div>\n                <\/div>\n              <\/div>\n            <\/div>\n          <\/div>\n          <div class=\"h-column h-column-container d-flex h-col-lg-4 h-col-md-4 h-col-12 style-1155-outer style-local-1601-c13-outer\">\n            <div data-colibri-id=\"1601-c13\" class=\"d-flex h-flex-basis h-column__inner h-px-lg-2 h-px-md-3 h-px-2 v-inner-lg-2 v-inner-md-3 v-inner-2 style-1155 style-local-1601-c13 position-relative\">\n              <!---->\n              <!---->\n              <div class=\"w-100 h-y-container h-column__content h-column__v-align flex-basis-100 align-self-lg-start align-self-md-start align-self-start\">\n                <!---->\n                <div data-colibri-id=\"1601-c14\" class=\"d-block style-1156 style-local-1601-c14 imagette-round position-relative h-element\">\n                  <!---->\n                  <div class=\"h-image__frame-container-outer\">\n                    <a href=\"\/fr\/high-temperature-geochemical\/\" h-use-smooth-scroll=\"true\" class=\"image-link\">\n                      <div class=\"h-image__frame-container\">\n                        <!---->\n                        <div class=\"h-image__overlay style-1156-overlay style-local-1601-c14-overlay\">\n                          <div class=\"overlay-layer\">\n                            <div class=\"overlay-image-layer\" style=\"background-color: rgb(0, 0, 0); opacity: 0.06;\"><\/div>\n                          <\/div>\n                        <\/div>\n                        <img loading=\"lazy\" width=\"1122\" height=\"1122\" src=\"http:\/\/www.flodim.fr\/wp-content\/uploads\/2020\/10\/geochem_photo.png\" class=\"wp-image-1622 style-1156-image style-local-1601-c14-image\" srcset=\"https:\/\/www.flodim.fr\/wp-content\/uploads\/2020\/10\/geochem_photo.png 1122w, https:\/\/www.flodim.fr\/wp-content\/uploads\/2020\/10\/geochem_photo-300x300.png 300w, https:\/\/www.flodim.fr\/wp-content\/uploads\/2020\/10\/geochem_photo-1024x1024.png 1024w, https:\/\/www.flodim.fr\/wp-content\/uploads\/2020\/10\/geochem_photo-150x150.png 150w, https:\/\/www.flodim.fr\/wp-content\/uploads\/2020\/10\/geochem_photo-768x768.png 768w, https:\/\/www.flodim.fr\/wp-content\/uploads\/2020\/10\/geochem_photo-12x12.png 12w\" sizes=\"(max-width: 1122px) 100vw, 1122px\" alt=\"\">\n                        <div class=\"h-image__frame h-image__frame_shadow h-hide-lg h-hide-md h-hide-sm style-1156-frameImage style-local-1601-c14-frameImage\"><\/div>\n                      <\/div>\n                    <\/a>\n                  <\/div>\n                <\/div>\n                <div data-colibri-id=\"1601-c15\" class=\"h-global-transition-all h-heading style-1157 style-local-1601-c15 position-relative h-element\">\n                  <!---->\n                  <div class=\"h-heading__outer style-1157 style-local-1601-c15\">\n                    <!---->\n                    <!---->\n                    <a href=\"\/fr\/high-temperature-geochemical\/\" h-use-smooth-scroll=\"true\">\n                      <h5 class=\"\">SONDE GEOCHIMIQUE\n                        <br>HAUTE TEMP\u00c9RATURE<\/h5>\n                    <\/a>\n                  <\/div>\n                <\/div>\n                <div data-colibri-id=\"1601-c16\" class=\"h-text h-text-component style-1158 style-local-1601-c16 position-relative h-element\">\n                  <!---->\n                  <!---->\n                  <div class=\"\">\n                    <p>Instrument de mesure multi-capteurs (conductivit\u00e9, potentiel redox, pH, O2 dissous, P, T, GR) pour \u00e9valuer l'environnement chimique et analyser la corrosion des fluides.<\/p>\n                  <\/div>\n                <\/div>\n              <\/div>\n            <\/div>\n          <\/div>\n          <div class=\"h-column h-column-container d-flex h-col-lg-4 h-col-md-4 h-col-12 style-1155-outer style-local-1601-c17-outer\">\n            <div data-colibri-id=\"1601-c17\" class=\"d-flex h-flex-basis h-column__inner h-px-lg-2 h-px-md-3 h-px-2 v-inner-lg-2 v-inner-md-3 v-inner-2 style-1155 style-local-1601-c17 position-relative\">\n              <!---->\n              <!---->\n              <div class=\"w-100 h-y-container h-column__content h-column__v-align flex-basis-100 align-self-lg-start align-self-md-start align-self-start\">\n                <!---->\n                <div data-colibri-id=\"1601-c18\" class=\"d-block style-1156 style-local-1601-c18 imagette-round position-relative h-element\">\n                  <!---->\n                  <div class=\"h-image__frame-container-outer\">\n                    <a href=\"https:\/\/www.flodim.fr\/fr\/what-we-do\/well-logging\/bottom-hole-sampling\/\" h-use-smooth-scroll=\"true\" class=\"image-link\">\n                      <div class=\"h-image__frame-container\">\n                        <!---->\n                        <div class=\"h-image__overlay style-1156-overlay style-local-1601-c18-overlay\">\n                          <div class=\"overlay-layer\">\n                            <div class=\"overlay-image-layer\" style=\"background-color: rgb(0, 0, 0); opacity: 0.06;\"><\/div>\n                          <\/div>\n                        <\/div>\n                        <img loading=\"lazy\" width=\"628\" height=\"628\" src=\"http:\/\/www.flodim.fr\/wp-content\/uploads\/2020\/10\/cropped-Crude-Oil-Samples.jpg\" class=\"wp-image-1298 style-1156-image style-local-1601-c18-image\" srcset=\"https:\/\/www.flodim.fr\/wp-content\/uploads\/2020\/10\/cropped-Crude-Oil-Samples.jpg 628w, https:\/\/www.flodim.fr\/wp-content\/uploads\/2020\/10\/cropped-Crude-Oil-Samples-300x300.jpg 300w, https:\/\/www.flodim.fr\/wp-content\/uploads\/2020\/10\/cropped-Crude-Oil-Samples-150x150.jpg 150w, https:\/\/www.flodim.fr\/wp-content\/uploads\/2020\/10\/cropped-Crude-Oil-Samples-12x12.jpg 12w\" sizes=\"(max-width: 628px) 100vw, 628px\" alt=\"\">\n                        <div class=\"h-image__frame h-image__frame_shadow h-hide-lg h-hide-md h-hide-sm style-1156-frameImage style-local-1601-c18-frameImage\"><\/div>\n                      <\/div>\n                    <\/a>\n                  <\/div>\n                <\/div>\n                <div data-colibri-id=\"1601-c19\" class=\"h-global-transition-all h-heading style-1157 style-local-1601-c19 position-relative h-element\">\n                  <!---->\n                  <div class=\"h-heading__outer style-1157 style-local-1601-c19\">\n                    <!---->\n                    <!---->\n                    <a href=\"https:\/\/www.flodim.fr\/fr\/what-we-do\/well-logging\/bottom-hole-sampling\/\" h-use-smooth-scroll=\"true\">\n                      <h5 class=\"\">PRELEVEMENT DE FOND <\/h5>\n                    <\/a>\n                  <\/div>\n                <\/div>\n                <div data-colibri-id=\"1601-c20\" class=\"h-text h-text-component style-1158 style-local-1601-c20 position-relative h-element\">\n                  <!---->\n                  <!---->\n                  <div class=\"\">\n                    <p>Ce syst\u00e8me d'\u00e9chantillonnage de fond est le seul qui permette au laboratoire d'analyser la composition de l'\u00e9chantillon dans les conditions exactes du r\u00e9servoir. <\/p>\n                  <\/div>\n                <\/div>\n              <\/div>\n            <\/div>\n          <\/div>\n        <\/div>\n      <\/div>\n      <div data-colibri-id=\"1601-c21\" class=\"h-row-container gutters-row-lg-2 gutters-row-md-2 gutters-row-0 gutters-row-v-lg-2 gutters-row-v-md-2 gutters-row-v-2 style-1160 style-local-1601-c21 position-relative\">\n        <!---->\n        <div class=\"h-row justify-content-lg-center justify-content-md-center justify-content-center align-items-lg-stretch align-items-md-stretch align-items-stretch gutters-col-lg-2 gutters-col-md-2 gutters-col-0 gutters-col-v-lg-2 gutters-col-v-md-2 gutters-col-v-2\">\n          <!---->\n          <div class=\"h-column h-column-container d-flex h-col-lg-auto h-col-md-auto h-col-auto style-1161-outer style-local-1601-c22-outer\">\n            <div data-colibri-id=\"1601-c22\" class=\"d-flex h-flex-basis h-column__inner h-px-lg-2 h-px-md-2 h-px-2 v-inner-lg-2 v-inner-md-2 v-inner-2 style-1161 style-local-1601-c22 position-relative\">\n              <!---->\n              <!---->\n              <div class=\"w-100 h-y-container h-column__content h-column__v-align flex-basis-100 align-self-lg-start align-self-md-start align-self-start\">\n                <!---->\n                <div data-colibri-id=\"1601-c23\" class=\"style-1162 style-local-1601-c23 position-relative h-element\">\n                  <!---->\n                <\/div>\n              <\/div>\n            <\/div>\n          <\/div>\n        <\/div>\n      <\/div>\n    <\/div>\n  <\/div>\n  <div data-colibri-component=\"section\" data-colibri-id=\"1601-c24\" id=\"reusable-sections\" class=\"h-section h-section-global-spacing d-flex align-items-lg-center align-items-md-center align-items-center style-1394 style-local-1601-c24 position-relative\">\n    <!---->\n    <!---->\n    <div class=\"h-section-grid-container h-section-boxed-container\">\n      <!---->\n      <div data-colibri-id=\"1601-c25\" class=\"h-row-container gutters-row-lg-2 gutters-row-md-2 gutters-row-0 gutters-row-v-lg-2 gutters-row-v-md-2 gutters-row-v-2 style-1395 style-local-1601-c25 position-relative\">\n        <!---->\n        <div class=\"h-row justify-content-lg-center justify-content-md-center justify-content-center align-items-lg-stretch align-items-md-stretch align-items-stretch gutters-col-lg-2 gutters-col-md-2 gutters-col-0 gutters-col-v-lg-2 gutters-col-v-md-2 gutters-col-v-2\">\n          <!---->\n          <div class=\"h-column h-column-container d-flex h-col-lg-auto h-col-md-auto h-col-auto style-1396-outer style-local-1601-c26-outer\">\n            <div data-colibri-id=\"1601-c26\" class=\"d-flex h-flex-basis h-column__inner h-px-lg-2 h-px-md-2 h-px-2 v-inner-lg-2 v-inner-md-2 v-inner-2 style-1396 style-local-1601-c26 position-relative\">\n              <!---->\n              <!---->\n              <div class=\"w-100 h-y-container h-column__content h-column__v-align flex-basis-100 align-self-lg-start align-self-md-start align-self-start\">\n                <!---->\n                <div data-colibri-id=\"1601-c27\" class=\"style-1397 style-local-1601-c27 position-relative h-element\">\n                  <!---->\n                  <div class=\"\"><a title=\"Parent topic\" href=\"..\/\">\r\n<div style=\"border:1px solid black; width:40px; height:40px; position:fixed; bottom:50px; left: 20px; border-radius:50%; background-color:rgba(200, 200, 255, .5); background-size:contain; background-image:url('https:\/\/www.flaticon.com\/svg\/static\/icons\/svg\/318\/318504.svg');\" class=\"navkeys\">\r\n<\/div>\r\n<\/a>\r\n\r\n<a title=\"Top of page\" href=\"#\">\r\n<div style=\"border:1px solid black; width:40px; height:40px; position:fixed; bottom:100px; left: 20px; border-radius:50%; background-color:rgba(200, 200, 255, .5); background-size:contain; background-image:url('https:\/\/www.flaticon.com\/svg\/static\/icons\/svg\/318\/318503.svg'); scroll-behavior: smooth;\" class=\"navkeys\">\r\n<\/div>\r\n<\/a><\/div>\n                <\/div>\n              <\/div>\n            <\/div>\n          <\/div>\n        <\/div>\n      <\/div>\n    <\/div>\n  <\/div>\n<\/div>","protected":false},"excerpt":{"rendered":"<p>Since 2012 and the early stage of new efforts decided by our authorities towards EGS (Enhanced Geothermal Systems) and Volcanic Energy, FLODIM has been involved in new instruments design, manufacturing and testing in order to challenge the deep Geothermal well current temperature limits. Geothermal energy is the thermal energy generated and stored in earth. Cost-effective [&hellip;]<\/p>","protected":false},"author":1,"featured_media":0,"parent":52,"menu_order":0,"comment_status":"closed","ping_status":"closed","template":"page-templates\/full-width-page.php","meta":{"content-type":""},"aioseo_notices":[],"_links":{"self":[{"href":"https:\/\/www.flodim.fr\/fr\/wp-json\/wp\/v2\/pages\/1601"}],"collection":[{"href":"https:\/\/www.flodim.fr\/fr\/wp-json\/wp\/v2\/pages"}],"about":[{"href":"https:\/\/www.flodim.fr\/fr\/wp-json\/wp\/v2\/types\/page"}],"author":[{"embeddable":true,"href":"https:\/\/www.flodim.fr\/fr\/wp-json\/wp\/v2\/users\/1"}],"replies":[{"embeddable":true,"href":"https:\/\/www.flodim.fr\/fr\/wp-json\/wp\/v2\/comments?post=1601"}],"version-history":[{"count":20,"href":"https:\/\/www.flodim.fr\/fr\/wp-json\/wp\/v2\/pages\/1601\/revisions"}],"predecessor-version":[{"id":8206,"href":"https:\/\/www.flodim.fr\/fr\/wp-json\/wp\/v2\/pages\/1601\/revisions\/8206"}],"up":[{"embeddable":true,"href":"https:\/\/www.flodim.fr\/fr\/wp-json\/wp\/v2\/pages\/52"}],"wp:attachment":[{"href":"https:\/\/www.flodim.fr\/fr\/wp-json\/wp\/v2\/media?parent=1601"}],"curies":[{"name":"wp","href":"https:\/\/api.w.org\/{rel}","templated":true}]}}