{"id":9243,"date":"2025-02-11T11:14:44","date_gmt":"2025-02-11T10:14:44","guid":{"rendered":"https:\/\/www.flodim.fr\/csr-engagement\/"},"modified":"2025-12-10T15:37:29","modified_gmt":"2025-12-10T14:37:29","slug":"csr-engagement","status":"publish","type":"page","link":"http:\/\/www.flodim.fr\/fr\/csr-engagement\/","title":{"rendered":"<p>Engagement RSE<\/p>"},"content":{"rendered":"<div data-colibri-id=\"9243-c1\" class=\"style-2633 style-local-9243-c1 position-relative\">\n  <!---->\n  <div data-colibri-component=\"section\" data-colibri-id=\"9243-c2\" id=\"custom\" class=\"h-section h-section-global-spacing d-flex align-items-lg-center align-items-md-center align-items-center style-2634 style-local-9243-c2 position-relative\">\n    <!---->\n    <!---->\n    <div class=\"h-section-grid-container h-section-boxed-container\">\n      <!---->\n      <div data-colibri-id=\"9243-c3\" class=\"h-row-container gutters-row-lg-2 gutters-row-md-2 gutters-row-0 gutters-row-v-lg-2 gutters-row-v-md-2 gutters-row-v-2 style-2637 style-local-9243-c3 position-relative\">\n        <!---->\n        <div class=\"h-row justify-content-lg-center justify-content-md-center justify-content-center align-items-lg-stretch align-items-md-stretch align-items-stretch gutters-col-lg-2 gutters-col-md-2 gutters-col-0 gutters-col-v-lg-2 gutters-col-v-md-2 gutters-col-v-2\">\n          <!---->\n          <div class=\"h-column h-column-container d-flex h-col-lg-auto h-col-md-auto h-col-auto style-2638-outer style-local-9243-c4-outer\">\n            <div data-colibri-id=\"9243-c4\" class=\"d-flex h-flex-basis h-column__inner h-px-lg-2 h-px-md-2 h-px-2 v-inner-lg-2 v-inner-md-2 v-inner-2 style-2638 style-local-9243-c4 position-relative\">\n              <!---->\n              <!---->\n              <div class=\"w-100 h-y-container h-column__content h-column__v-align flex-basis-100 align-self-lg-start align-self-md-start align-self-start\">\n                <!---->\n                <div data-colibri-id=\"9243-c5\" class=\"h-text h-text-component style-2639 style-local-9243-c5 position-relative h-element\">\n                  <!---->\n                  <!---->\n                  <div class=\"\">\n                    <p><strong>ENGAGEMENTS en RSE et MANAGEMENT QUALIT\u00c9 de Flodim<\/strong><\/p>\n                    <p><strong>Notre Vision<\/strong><\/p>\n                    <p>Chez Flodim, nous croyons fermement que les entreprises ont un r\u00f4le essentiel \u00e0 jouer dans la cr\u00e9ation d\u2019un avenir durable.Nous nous engageons \u00e0 \u00eatre un acteur majeur dans notre secteur, en offrant des solutions innovantes et de qualit\u00e9 \u00e0 nos clients tout en respectant les principes de responsabilit\u00e9 sociale et environnementale.\n                      <br>Nous croyons en une croissance durable qui cr\u00e9e de la valeur \u00e0 long terme pour nos clients, nos collaborateurs, nos partenaires et la soci\u00e9t\u00e9 dans son ensemble.Notre vision repose sur 2 principes fondamentaux :&nbsp;\n                      <br>&nbsp; &nbsp;\u2013 L\u2019excellence op\u00e9rationnelle, port\u00e9e par une d\u00e9marche qualit\u00e9 rigoureuse.\n                      <br>&nbsp; &nbsp;\u2013 La responsabilit\u00e9 soci\u00e9tale, int\u00e9gr\u00e9e dans toutes nos d\u00e9cisions.<\/p>\n                    <p><strong style=\"font-family: Aptos, sans-serif; font-size: 12pt;\">Notre d\u00e9marche qualit\u00e9 ISO 9001<\/strong><\/p>\n                    <p><span style=\"font-family: Aptos, sans-serif; font-size: 12pt;\"> Afin de garantir la satisfaction de nos clients et la ma\u00eetrise de nos processus, nous avons mis en \u0153uvre un Syst\u00e8me de Management de la Qualit\u00e9 conforme \u00e0 la norme ISO 9001 version 2015.<br> La certification ISO 9001 que nous avons depuis 2012, nous permet de structurer notre organisation de mani\u00e8re efficace, de d\u00e9finir des objectifs clairs, et de mettre en place des processus rigoureux pour assurer une am\u00e9lioration continue. Nous sommes convaincus que cette d\u00e9marche est essentielle pour r\u00e9pondre aux attentes de nos clients et anticiper les d\u00e9fis de demain.<br>Objectifs g\u00e9n\u00e9raux de notre d\u00e9marche qualit\u00e9 :<br>&nbsp;&nbsp;&nbsp;\u2013 Am\u00e9liorer en continu nos outils, services et m\u00e9thodes.<br>&nbsp;&nbsp;&nbsp;\u2013 Renforcer la confiance de nos clients et partenaires.<br>&nbsp;&nbsp;&nbsp;\u2013 Mobiliser nos \u00e9quipes autour d\u2019une culture de la qualit\u00e9.<br>&nbsp;&nbsp;&nbsp;\u2013 Assurer <\/span>la conformit\u00e9 r\u00e9glementaire et la tra\u00e7abilit\u00e9.<\/p>\n                  <\/div>\n                <\/div>\n                <div data-colibri-id=\"9243-c6\" class=\"d-block style-2641 style-local-9243-c6 position-relative h-element\">\n                  <!---->\n                  <div class=\"h-image__frame-container-outer\">\n                    <div class=\"h-image__frame-container\">\n                      <!---->\n                      <!---->\n                      <img loading=\"lazy\" width=\"300\" height=\"284\" src=\"http:\/\/www.flodim.fr\/wp-content\/uploads\/2024\/04\/dnv.jpg\" class=\"wp-image-9166 style-2641-image style-local-9243-c6-image\" srcset=\"http:\/\/www.flodim.fr\/wp-content\/uploads\/2024\/04\/dnv.jpg 300w, http:\/\/www.flodim.fr\/wp-content\/uploads\/2024\/04\/dnv-13x12.jpg 13w\" sizes=\"(max-width: 300px) 100vw, 300px\" alt=\"\">\n                      <div class=\"h-image__frame h-hide-lg h-hide-md h-hide-sm style-2641-frameImage style-local-9243-c6-frameImage\"><\/div>\n                    <\/div>\n                  <\/div>\n                <\/div>\n                <div data-colibri-id=\"9243-c7\" class=\"h-text h-text-component style-2640 style-local-9243-c7 position-relative h-element\">\n                  <!---->\n                  <!---->\n                  <div class=\"\">\n                    <p><strong>Notre Engagement RSE : M\u00e9daille Bronze Ecovadis<\/strong><\/p>\n                    <p>Nous sommes fiers d\u2019avoir obtenu la m\u00e9daille de bronze, qui r\u00e9compense nos efforts dans quatre domaines cl\u00e9s :<\/p>\n                    <p>&nbsp;&nbsp;\u2022 Environnement : r\u00e9duction de notre empreinte carbone, gestion des d\u00e9chets, efficacit\u00e9 \u00e9nerg\u00e9tique.\n                      <br>&nbsp;&nbsp;\u2022 Social &amp; Droits Humains : respect des droits fondamentaux, \u00e9galit\u00e9 des chances, s\u00e9curit\u00e9 au travail.\n                      <br>&nbsp;&nbsp;\u2022 \u00c9thique : int\u00e9grit\u00e9, transparence, lutte contre la corruption.\n                      <br>&nbsp;&nbsp;\u2022 Achats Responsables : s\u00e9lection de fournisseurs engag\u00e9s, tra\u00e7abilit\u00e9 et conformit\u00e9.&nbsp;<\/p>\n                    <p>En tant qu\u2019entreprise responsable, nous avons int\u00e9gr\u00e9 la Responsabilit\u00e9 Soci\u00e9tale des Entreprises (RSE) dans notre strat\u00e9gie de d\u00e9veloppement. Notre approche vise \u00e0 concilier performance \u00e9conomique, respect des normes sociales, \u00e9thiques et environnementales.<\/p>\n                    <p>Dans le cadre de sa politique RSE, FLODIM s\u2019engage dans les domaines suivants :&nbsp;<\/p>\n                    <p>&nbsp;&nbsp;?&nbsp;<strong>Consommation responsable<\/strong>&nbsp;: \u00ab Equipements d\u2019intervention en ad\u00e9quation avec les besoins r\u00e9els \u00bb\n                      <br>&nbsp;&nbsp;?&nbsp;<strong>Achats durables&nbsp;<\/strong> : \u00ab Privil\u00e9gier les fournisseurs r\u00e9gionaux \u00bb\n                      <br>&nbsp;&nbsp;?&nbsp;<strong>Parties prenantes<\/strong>&nbsp;: \u00ab S\u2019engager \u00e0 cr\u00e9er de la valeur partag\u00e9e \u00bb\n                      <br>&nbsp;&nbsp;?&nbsp;<strong>Influence soci\u00e9tale<\/strong>&nbsp;: \u00ab Contribuer activement aux d\u00e9bats de soci\u00e9t\u00e9 \u00bb\n                      <br>&nbsp;&nbsp;?<strong>&nbsp;Environnement<\/strong>&nbsp;: \u00ab R\u00e9duire notre empreinte carbone et \u00e9cologique \u00bb\n                      <br>&nbsp;&nbsp;?&nbsp;<strong>Investissement responsable<\/strong>&nbsp;: \u00ab Donner du sens et de la visibilit\u00e9 \u00e0 long-terme \u00bb\n                      <br>&nbsp;&nbsp;?&nbsp;<strong>Ethique des affaires&nbsp;<\/strong> \u00ab Agir en toutes circonstances dans le respect de nos principes \u00e9thiques \u00bb\n                      <br>&nbsp;&nbsp;?&nbsp;<strong>Capital humain&nbsp;<\/strong> \u00ab Favoriser la diversit\u00e9 des talents et des comp\u00e9tences \u00bb\n                      <br>&nbsp;&nbsp;?&nbsp;<strong>Sant\u00e9-S\u00e9curit\u00e9<\/strong>&nbsp;\u00ab Faire de la s\u00e9curit\u00e9 de chacun un incontournable \u00bb\n                      <br>&nbsp;&nbsp;?&nbsp;<strong>Droits humains<\/strong>&nbsp;: \u00ab Veiller en permanence au respect des droits fondamentaux \u00bb<strong>&nbsp;<\/strong><\/p>\n                    <p><strong>Nos Objectifs RSE<\/strong><\/p>\n                    <p>Pour mettre en \u0153uvre notre politique RSE, Flodim s\u2019est fix\u00e9 des objectifs concrets \u00e0 court et moyen terme :\n                      <br>&nbsp;&nbsp;1.&nbsp;<strong>R\u00e9duction des \u00c9missions de CO2<\/strong>&nbsp;: \u201cNous nous engageons \u00e0 r\u00e9duire nos \u00e9missions de CO2 de 5 % d\u2019ici 2026, en adoptant des pratiques plus durables et en optimisant nos processus.\u201d\n                      <br>&nbsp;&nbsp;2.&nbsp;<strong>Utilisation d\u2019\u00c9nergies Renouvelables<\/strong>&nbsp;: \u201cNous visons \u00e0 alimenter nos b\u00e2timents \u00e0 80 % avec de l\u2019\u00e9nergie \u00e9lectrique issue de panneaux photovolta\u00efques d\u2019ici 2026, contribuant ainsi \u00e0 la transition \u00e9nerg\u00e9tique.\u201d<\/p>\n                  <\/div>\n                <\/div>\n              <\/div>\n            <\/div>\n          <\/div>\n        <\/div>\n      <\/div>\n      <div data-colibri-id=\"9243-c8\" class=\"h-row-container gutters-row-lg-2 gutters-row-md-2 gutters-row-0 gutters-row-v-lg-2 gutters-row-v-md-2 gutters-row-v-2 style-2642 style-local-9243-c8 position-relative\">\n        <!---->\n        <div class=\"h-row justify-content-lg-center justify-content-md-center justify-content-center align-items-lg-stretch align-items-md-stretch align-items-stretch gutters-col-lg-2 gutters-col-md-2 gutters-col-0 gutters-col-v-lg-2 gutters-col-v-md-2 gutters-col-v-2\">\n          <!---->\n          <div class=\"h-column h-column-container d-flex h-col-lg-auto h-col-md-auto h-col-auto style-2643-outer style-local-9243-c9-outer\">\n            <div data-colibri-id=\"9243-c9\" class=\"d-flex h-flex-basis h-column__inner h-px-lg-2 h-px-md-2 h-px-2 v-inner-lg-2 v-inner-md-2 v-inner-2 style-2643 style-local-9243-c9 position-relative\">\n              <!---->\n              <!---->\n              <div class=\"w-100 h-y-container h-column__content h-column__v-align flex-basis-100 align-self-lg-start align-self-md-start align-self-start\">\n                <!---->\n                <div data-colibri-id=\"9243-c10\" class=\"d-block style-2644 style-local-9243-c10 position-relative h-element\">\n                  <!---->\n                  <div class=\"h-image__frame-container-outer\">\n                    <div class=\"h-image__frame-container\">\n                      <!---->\n                      <!---->\n                      <img loading=\"lazy\" width=\"247\" height=\"242\" src=\"http:\/\/www.flodim.fr\/wp-content\/uploads\/2025\/12\/bronze.png\" class=\"wp-image-9322 style-2644-image style-local-9243-c10-image\" srcset=\"http:\/\/www.flodim.fr\/wp-content\/uploads\/2025\/12\/bronze.png 247w, http:\/\/www.flodim.fr\/wp-content\/uploads\/2025\/12\/bronze-12x12.png 12w\" sizes=\"(max-width: 247px) 100vw, 247px\" alt=\"\">\n                      <div class=\"h-image__frame h-hide-lg h-hide-md h-hide-sm style-2644-frameImage style-local-9243-c10-frameImage\"><\/div>\n                    <\/div>\n                  <\/div>\n                <\/div>\n              <\/div>\n            <\/div>\n          <\/div>\n        <\/div>\n      <\/div>\n    <\/div>\n  <\/div>\n<\/div>","protected":false},"excerpt":{"rendered":"<p>Flodim&rsquo;s CSR and QUALITY MANAGEMENT COMMITMENTS Our Vision At Flodim, we firmly believe that businesses have a vital role to play in creating a sustainable future. We are committed to being a major player in our sector, offering innovative and high-quality solutions to our clients while respecting the principles of social and environmental responsibility. We [&hellip;]<\/p>","protected":false},"author":1,"featured_media":0,"parent":0,"menu_order":0,"comment_status":"closed","ping_status":"closed","template":"page-templates\/full-width-page.php","meta":{"content-type":""},"aioseo_notices":[],"_links":{"self":[{"href":"http:\/\/www.flodim.fr\/fr\/wp-json\/wp\/v2\/pages\/9243"}],"collection":[{"href":"http:\/\/www.flodim.fr\/fr\/wp-json\/wp\/v2\/pages"}],"about":[{"href":"http:\/\/www.flodim.fr\/fr\/wp-json\/wp\/v2\/types\/page"}],"author":[{"embeddable":true,"href":"http:\/\/www.flodim.fr\/fr\/wp-json\/wp\/v2\/users\/1"}],"replies":[{"embeddable":true,"href":"http:\/\/www.flodim.fr\/fr\/wp-json\/wp\/v2\/comments?post=9243"}],"version-history":[{"count":8,"href":"http:\/\/www.flodim.fr\/fr\/wp-json\/wp\/v2\/pages\/9243\/revisions"}],"predecessor-version":[{"id":9353,"href":"http:\/\/www.flodim.fr\/fr\/wp-json\/wp\/v2\/pages\/9243\/revisions\/9353"}],"wp:attachment":[{"href":"http:\/\/www.flodim.fr\/fr\/wp-json\/wp\/v2\/media?parent=9243"}],"curies":[{"name":"wp","href":"https:\/\/api.w.org\/{rel}","templated":true}]}}