{"id":8713,"date":"2023-09-07T09:29:51","date_gmt":"2023-09-07T07:29:51","guid":{"rendered":"http:\/\/www.flodim.fr\/?page_id=8713"},"modified":"2023-09-15T10:43:46","modified_gmt":"2023-09-15T08:43:46","slug":"spontaneous-application","status":"publish","type":"page","link":"http:\/\/www.flodim.fr\/fr\/career\/spontaneous-application\/","title":{"rendered":"<p>Candidature spontan\u00e9e<\/p>"},"content":{"rendered":"<div data-colibri-id=\"8713-c1\" class=\"style-2421 style-local-8713-c1 position-relative\">\n  <!---->\n  <div data-colibri-component=\"section\" data-colibri-id=\"8713-c2\" id=\"contact-2\" class=\"h-section h-section-global-spacing d-flex align-items-lg-center align-items-md-center align-items-center style-2466 style-local-8713-c2 position-relative\">\n    <!---->\n    <!---->\n    <div class=\"h-section-grid-container h-section-boxed-container\">\n      <!---->\n      <div data-colibri-id=\"8713-c3\" class=\"h-row-container gutters-row-lg-2 gutters-row-md-2 gutters-row-2 gutters-row-v-lg-2 gutters-row-v-md-2 gutters-row-v-2 style-2467 style-local-8713-c3 position-relative\">\n        <!---->\n        <div class=\"h-row justify-content-lg-center justify-content-md-center justify-content-center align-items-lg-stretch align-items-md-stretch align-items-stretch gutters-col-lg-2 gutters-col-md-2 gutters-col-2 gutters-col-v-lg-2 gutters-col-v-md-2 gutters-col-v-2\">\n          <!---->\n          <div class=\"h-column h-column-container d-flex h-col-lg-auto h-col-md-auto h-col-auto style-2468-outer style-local-8713-c4-outer\">\n            <div data-colibri-id=\"8713-c4\" class=\"d-flex h-flex-basis h-column__inner h-px-lg-0 h-px-md-0 h-px-0 v-inner-lg-0 v-inner-md-0 v-inner-0 style-2468 style-local-8713-c4 position-relative\">\n              <!---->\n              <!---->\n              <div class=\"w-100 h-y-container h-column__content h-column__v-align flex-basis-100 align-self-lg-start align-self-md-start align-self-start\">\n                <!---->\n                <div data-colibri-id=\"8713-c5\" class=\"h-row-container gutters-row-lg-0 gutters-row-md-0 gutters-row-0 gutters-row-v-lg-0 gutters-row-v-md-0 gutters-row-v-0 style-2469 style-local-8713-c5 position-relative\">\n                  <!---->\n                  <div class=\"h-row justify-content-lg-center justify-content-md-center justify-content-center align-items-lg-stretch align-items-md-stretch align-items-stretch gutters-col-lg-0 gutters-col-md-0 gutters-col-0 gutters-col-v-lg-0 gutters-col-v-md-0 gutters-col-v-0\">\n                    <!---->\n                    <div class=\"h-column h-column-container d-flex h-col-lg-auto h-col-md-auto h-col-auto style-2470-outer style-local-8713-c6-outer\">\n                      <div data-colibri-id=\"8713-c6\" class=\"d-flex h-flex-basis h-column__inner h-px-lg-0 h-px-md-0 h-px-0 v-inner-lg-0 v-inner-md-0 v-inner-0 style-2470 style-local-8713-c6 position-relative\">\n                        <!---->\n                        <!---->\n                        <div class=\"w-100 h-y-container h-column__content h-column__v-align flex-basis-100 align-self-lg-center align-self-md-center align-self-center\">\n                          <!---->\n                          <div data-colibri-id=\"8713-c16\" class=\"h-global-transition-all h-heading style-2571 style-local-8713-c16 position-relative h-element\">\n                            <!---->\n                            <div class=\"h-heading__outer style-2571 style-local-8713-c16\">\n                              <!---->\n                              <!---->\n                              <h4 class=\"\">Candidature<\/h4>\n                            <\/div>\n                          <\/div>\n                          <div data-colibri-id=\"8713-c8\" class=\"h-icon style-2472 style-local-8713-c8 position-relative h-element\">\n                            <!----><span class=\"h-svg-icon h-icon__icon style-2472-icon style-local-8713-c8-icon\"><!--Icon by Font Awesome (https:\/\/fontawesome.com)--><svg version=\"1.1\" xmlns=\"http:\/\/www.w3.org\/2000\/svg\" xmlns:xlink=\"http:\/\/www.w3.org\/1999\/xlink\" id=\"pencil-square-o\" viewbox=\"0 0 1792 1896.0833\"><path d=\"M888 1184l116-116-152-152-116 116v56h96v96h56zm440-720q-16-16-33 1L945 815q-17 17-1 33t33-1l350-350q17-17 1-33zm80 594v190q0 119-84.5 203.5T1120 1536H288q-119 0-203.5-84.5T0 1248V416q0-119 84.5-203.5T288 128h832q63 0 117 25 15 7 18 23 3 17-9 29l-49 49q-14 14-32 8-23-6-45-6H288q-66 0-113 47t-47 113v832q0 66 47 113t113 47h832q66 0 113-47t47-113v-126q0-13 9-22l64-64q15-15 35-7t20 29zm-96-738l288 288-672 672H640V992zm444 132l-92 92-288-288 92-92q28-28 68-28t68 28l152 152q28 28 28 68t-28 68z\"><\/path><\/svg><\/span><\/div>\n                          <div data-colibri-id=\"8713-c9\" class=\"h-global-transition-all h-heading style-2473 style-local-8713-c9 position-relative h-element\">\n                            <!---->\n                            <div class=\"h-heading__outer style-2473 style-local-8713-c9\">\n                              <!---->\n                              <!---->\n                              <h5 class=\"\">Vous pensez que votre profil pourrait nous int\u00e9resser ? Tentez votre chance et pr\u00e9sentez vous !<\/h5>\n                            <\/div>\n                        <\/div>\n                      <\/div>\n                    <\/div>\n                  <\/div>\n                  <div class=\"h-column h-column-container d-flex h-col-lg-auto h-col-md-auto h-col-auto style-2475-outer style-local-8713-c10-outer\">\n                    <div data-colibri-id=\"8713-c10\" class=\"d-flex h-flex-basis h-column__inner h-px-lg-0 h-px-md-0 h-px-0 v-inner-lg-0 v-inner-md-0 v-inner-0 style-2475 style-local-8713-c10 position-relative\">\n                      <!---->\n                      <!---->\n                      <div class=\"w-100 h-y-container h-column__content h-column__v-align flex-basis-100 align-self-lg-center align-self-md-center align-self-center\">\n                        <!---->\n                        <div data-colibri-id=\"8713-c11\" class=\"style-2476 style-local-8713-c11 position-relative h-element\">\n                          <!---->\n                          <div class=\"h-global-transition-all h-global-transition h-global-transition-all h-contact-form-shortcode\"><div role=\"form\" class=\"wpcf7\" id=\"wpcf7-f8821-o1\" lang=\"en-US\" dir=\"ltr\">\n<div class=\"screen-reader-response\"><p role=\"status\" aria-live=\"polite\" aria-atomic=\"true\"><\/p> <ul><\/ul><\/div>\n<form action=\"\/fr\/wp-json\/wp\/v2\/pages\/8713#wpcf7-f8821-o1\" method=\"post\" class=\"wpcf7-form init\" enctype=\"multipart\/form-data\" novalidate=\"novalidate\" data-status=\"init\" data-trp-original-action=\"\/fr\/wp-json\/wp\/v2\/pages\/8713#wpcf7-f8821-o1\">\n<div style=\"display: none;\">\n<input type=\"hidden\" name=\"_wpcf7\" value=\"8821\">\n<input type=\"hidden\" name=\"_wpcf7_version\" value=\"5.4\">\n<input type=\"hidden\" name=\"_wpcf7_locale\" value=\"en_US\">\n<input type=\"hidden\" name=\"_wpcf7_unit_tag\" value=\"wpcf7-f8821-o1\">\n<input type=\"hidden\" name=\"_wpcf7_container_post\" value=\"0\">\n<input type=\"hidden\" name=\"_wpcf7_posted_data_hash\" value=\"\">\n<input type=\"hidden\" name=\"_wpcf7_recaptcha_response\" value=\"\">\n<\/div>\n<p><label> Nom Pr\u00e9nom<br>\n    <span class=\"wpcf7-form-control-wrap your-name\"><input type=\"text\" name=\"your-name\" value=\"\" size=\"40\" class=\"wpcf7-form-control wpcf7-text wpcf7-validates-as-required\" aria-required=\"true\" aria-invalid=\"false\"><\/span> <\/label><\/p>\n<p><label> Email<br>\n    <span class=\"wpcf7-form-control-wrap your-email\"><input type=\"email\" name=\"your-email\" value=\"\" size=\"40\" class=\"wpcf7-form-control wpcf7-text wpcf7-email wpcf7-validates-as-required wpcf7-validates-as-email\" aria-required=\"true\" aria-invalid=\"false\"><\/span> <\/label><\/p>\n<p><label> Num\u00e9ro de t\u00e9l\u00e9phone<br>\n    <span class=\"wpcf7-form-control-wrap your-phone\"><input type=\"tel\" name=\"your-phone\" value=\"\" size=\"40\" class=\"wpcf7-form-control wpcf7-text wpcf7-tel wpcf7-validates-as-required wpcf7-validates-as-tel\" aria-required=\"true\" aria-invalid=\"false\"><\/span> <\/label><\/p>\n<p><label> Message<br>\n    <span class=\"wpcf7-form-control-wrap your-message\"><textarea name=\"your-message\" cols=\"40\" rows=\"10\" class=\"wpcf7-form-control wpcf7-textarea\" aria-invalid=\"false\"><\/textarea><\/span> <\/label><\/p>\n<p><label> Lettre de motivation<br>\n<span class=\"wpcf7-form-control-wrap file-letter\"><input type=\"file\" name=\"file-letter\" size=\"40\" class=\"wpcf7-form-control wpcf7-file\" accept=\".jpg,.jpeg,.png,.gif,.pdf,.doc,.docx,.ppt,.pptx,.odt,.avi,.ogg,.m4a,.mov,.mp3,.mp4,.mpg,.wav,.wmv\" aria-invalid=\"false\"><\/span> <\/label><\/p>\n<p><label> C.V.<br>\n<span class=\"wpcf7-form-control-wrap file-resume\"><input type=\"file\" name=\"file-resume\" size=\"40\" class=\"wpcf7-form-control wpcf7-file wpcf7-validates-as-required\" accept=\".jpg,.jpeg,.png,.gif,.pdf,.doc,.docx,.ppt,.pptx,.odt,.avi,.ogg,.m4a,.mov,.mp3,.mp4,.mpg,.wav,.wmv\" aria-required=\"true\" aria-invalid=\"false\"><\/span> <\/label><\/p>\n<p><input type=\"submit\" value=\"Envoyer\" class=\"wpcf7-form-control wpcf7-submit submit-job\"><\/p>\n<div class=\"wpcf7-response-output\" aria-hidden=\"true\"><\/div><input type=\"hidden\" name=\"trp-form-language\" value=\"fr\"\/><\/form><\/div><\/div>\n                        <\/div>\n                      <\/div>\n                    <\/div>\n                  <\/div>\n                <\/div>\n              <\/div>\n            <\/div>\n          <\/div>\n        <\/div>\n      <\/div>\n    <\/div>\n  <\/div>\n<\/div>\n<div data-colibri-component=\"section\" data-colibri-id=\"8713-c12\" id=\"custom-2\" class=\"h-section h-section-global-spacing d-flex align-items-lg-center align-items-md-center align-items-center style-2485 style-local-8713-c12 position-relative\">\n  <!---->\n  <!---->\n  <div class=\"h-section-grid-container h-section-boxed-container\">\n    <!---->\n    <div data-colibri-id=\"8713-c13\" class=\"h-row-container gutters-row-lg-2 gutters-row-md-2 gutters-row-0 gutters-row-v-lg-2 gutters-row-v-md-2 gutters-row-v-2 style-2486 style-local-8713-c13 position-relative\">\n      <!---->\n      <div class=\"h-row justify-content-lg-center justify-content-md-center justify-content-center align-items-lg-stretch align-items-md-stretch align-items-stretch gutters-col-lg-2 gutters-col-md-2 gutters-col-0 gutters-col-v-lg-2 gutters-col-v-md-2 gutters-col-v-2\">\n        <!---->\n        <div class=\"h-column h-column-container d-flex h-col-lg-auto h-col-md-auto h-col-auto style-2487-outer style-local-8713-c14-outer\">\n          <div data-colibri-id=\"8713-c14\" class=\"d-flex h-flex-basis h-column__inner h-px-lg-2 h-px-md-2 h-px-2 v-inner-lg-2 v-inner-md-2 v-inner-2 style-2487 style-local-8713-c14 position-relative\">\n            <!---->\n            <!---->\n            <div class=\"w-100 h-y-container h-column__content h-column__v-align flex-basis-100 align-self-lg-start align-self-md-start align-self-start\">\n              <!---->\n              <div data-colibri-id=\"8713-c15\" class=\"style-2488 style-local-8713-c15 position-relative h-element\">\n                <!---->\n                <div class=\"\"><a title=\"Parent topic\" href=\"..\/\">\r\n<div style=\"border:1px solid black; width:40px; height:40px; position:fixed; bottom:50px; left: 20px; border-radius:50%; background-color:rgba(200, 200, 255, .5); background-size:contain; background-image:url('https:\/\/www.flaticon.com\/svg\/static\/icons\/svg\/318\/318504.svg');\" class=\"navkeys\">\r\n<\/div>\r\n<\/a>\r\n\r\n<a title=\"Top of page\" href=\"#\">\r\n<div style=\"border:1px solid black; width:40px; height:40px; position:fixed; bottom:100px; left: 20px; border-radius:50%; background-color:rgba(200, 200, 255, .5); background-size:contain; background-image:url('https:\/\/www.flaticon.com\/svg\/static\/icons\/svg\/318\/318503.svg'); scroll-behavior: smooth;\" class=\"navkeys\">\r\n<\/div>\r\n<\/a><\/div>\n              <\/div>\n            <\/div>\n          <\/div>\n        <\/div>\n      <\/div>\n    <\/div>\n  <\/div>\n<\/div>\n<\/div>","protected":false},"excerpt":{"rendered":"<p>application Take a chance to present your talents and join the team !<\/p>","protected":false},"author":1,"featured_media":0,"parent":8682,"menu_order":0,"comment_status":"closed","ping_status":"closed","template":"page-templates\/full-width-page.php","meta":{"content-type":""},"aioseo_notices":[],"_links":{"self":[{"href":"http:\/\/www.flodim.fr\/fr\/wp-json\/wp\/v2\/pages\/8713"}],"collection":[{"href":"http:\/\/www.flodim.fr\/fr\/wp-json\/wp\/v2\/pages"}],"about":[{"href":"http:\/\/www.flodim.fr\/fr\/wp-json\/wp\/v2\/types\/page"}],"author":[{"embeddable":true,"href":"http:\/\/www.flodim.fr\/fr\/wp-json\/wp\/v2\/users\/1"}],"replies":[{"embeddable":true,"href":"http:\/\/www.flodim.fr\/fr\/wp-json\/wp\/v2\/comments?post=8713"}],"version-history":[{"count":8,"href":"http:\/\/www.flodim.fr\/fr\/wp-json\/wp\/v2\/pages\/8713\/revisions"}],"predecessor-version":[{"id":9001,"href":"http:\/\/www.flodim.fr\/fr\/wp-json\/wp\/v2\/pages\/8713\/revisions\/9001"}],"up":[{"embeddable":true,"href":"http:\/\/www.flodim.fr\/fr\/wp-json\/wp\/v2\/pages\/8682"}],"wp:attachment":[{"href":"http:\/\/www.flodim.fr\/fr\/wp-json\/wp\/v2\/media?parent=8713"}],"curies":[{"name":"wp","href":"https:\/\/api.w.org\/{rel}","templated":true}]}}