{"id":8682,"date":"2023-09-05T16:35:27","date_gmt":"2023-09-05T14:35:27","guid":{"rendered":"http:\/\/www.flodim.fr\/?page_id=8682"},"modified":"2023-09-25T18:12:06","modified_gmt":"2023-09-25T16:12:06","slug":"career","status":"publish","type":"page","link":"http:\/\/www.flodim.fr\/fr\/career\/","title":{"rendered":"<p>Emploi<\/p>"},"content":{"rendered":"<div data-colibri-id=\"8682-c1\" class=\"style-2304 style-local-8682-c1 position-relative\">\n  <!---->\n  <div data-colibri-component=\"section\" data-colibri-id=\"8682-c2\" id=\"custom\" class=\"h-section h-section-global-spacing d-flex align-items-lg-center align-items-md-center align-items-center style-2305 style-local-8682-c2 position-relative\">\n    <!---->\n    <!---->\n    <div class=\"h-section-grid-container h-section-boxed-container\">\n      <!---->\n      <div data-colibri-id=\"8682-c3\" class=\"h-row-container gutters-row-lg-2 gutters-row-md-2 gutters-row-0 gutters-row-v-lg-2 gutters-row-v-md-2 gutters-row-v-2 style-2306 style-local-8682-c3 position-relative\">\n        <!---->\n        <div class=\"h-row justify-content-lg-center justify-content-md-center justify-content-center align-items-lg-stretch align-items-md-stretch align-items-stretch gutters-col-lg-2 gutters-col-md-2 gutters-col-0 gutters-col-v-lg-2 gutters-col-v-md-2 gutters-col-v-2\">\n          <!---->\n          <div class=\"h-column h-column-container d-flex h-col-lg-auto h-col-md-auto h-col-auto style-2307-outer style-local-8682-c4-outer\">\n            <div data-colibri-id=\"8682-c4\" class=\"d-flex h-flex-basis h-column__inner h-px-lg-2 h-px-md-2 h-px-2 v-inner-lg-2 v-inner-md-2 v-inner-2 style-2307 style-local-8682-c4 position-relative\">\n              <!---->\n              <!---->\n              <div class=\"w-100 h-y-container h-column__content h-column__v-align flex-basis-100 align-self-lg-start align-self-md-start align-self-start\">\n                <!---->\n                <div data-colibri-id=\"8682-c5\" class=\"h-global-transition-all h-heading style-1789 style-local-8682-c5 position-relative h-element\">\n                  <!---->\n                  <div class=\"h-heading__outer style-1789 style-local-8682-c5\">\n                    <!---->\n                    <!---->\n                    <h3 class=\"\">Nous recherchons toujours <em style=\"font-family: Playfair Display; color: rgb(25, 96, 171);\">des professionnels engag\u00e9s<\/em> aux <em style=\"font-family: Playfair Display; color: rgb(25, 96, 171);\">profils vari\u00e9s<\/em> pour rejoindre nos <em style=\"font-family: Playfair Display; color: rgb(25, 96, 171);\">nos \u00e9quipes dynamiques<\/em>.<\/h3>\n                  <\/div>\n                <\/div>\n              <\/div>\n            <\/div>\n          <\/div>\n        <\/div>\n      <\/div>\n    <\/div>\n  <\/div>\n  <div data-colibri-component=\"section\" data-colibri-id=\"8682-c6\" id=\"about-4\" class=\"h-section h-section-global-spacing d-flex align-items-lg-center align-items-md-center align-items-center style-2605 style-local-8682-c6 position-relative\">\n    <!---->\n    <!---->\n    <div class=\"h-section-grid-container h-section-boxed-container\">\n      <!---->\n      <div data-colibri-id=\"8682-c7\" class=\"h-row-container gutters-row-lg-2 gutters-row-md-2 gutters-row-2 gutters-row-v-lg-2 gutters-row-v-md-2 gutters-row-v-2 style-2606 style-local-8682-c7 position-relative\">\n        <!---->\n        <div class=\"h-row justify-content-lg-center justify-content-md-center justify-content-center align-items-lg-stretch align-items-md-stretch align-items-stretch gutters-col-lg-2 gutters-col-md-2 gutters-col-2 gutters-col-v-lg-2 gutters-col-v-md-2 gutters-col-v-2\">\n          <!---->\n          <div class=\"h-column h-column-container d-flex h-col-lg-auto h-col-md-auto h-col-auto style-2607-outer style-local-8682-c8-outer\">\n            <div data-colibri-id=\"8682-c8\" class=\"d-flex h-flex-basis h-column__inner h-px-lg-2 h-px-md-2 h-px-2 v-inner-lg-2 v-inner-md-2 v-inner-2 style-2607 style-local-8682-c8 position-relative\">\n              <!---->\n              <!---->\n              <div class=\"w-100 h-y-container h-column__content h-column__v-align flex-basis-100 align-self-lg-center align-self-md-center align-self-center\">\n                <!---->\n                <div data-colibri-id=\"8682-c9\" class=\"h-global-transition-all h-heading style-2608 style-local-8682-c9 position-relative h-element\">\n                  <!---->\n                  <div class=\"h-heading__outer style-2608 style-local-8682-c9\">\n                    <!---->\n                    <!---->\n                    <h2 class=\" translation-block\">Envie de travailler dans une soci\u00e9t\u00e9 \u00e0 taille humaine, dans un environnement <em style=\"font-family: Playfair Display\">stimulant<\/em> et <em style=\"font-family: Playfair Display\">plein de d\u00e9fis<\/em> ?<\/h2>\n                  <\/div>\n                <\/div>\n                <div data-colibri-id=\"8682-c10\" class=\"h-text h-text-component style-2610 style-local-8682-c10 position-relative h-element\">\n                  <!---->\n                  <!---->\n                  <div class=\"\">\n                    <p>Rejoignez l'\u00e9quipe de FLODIM ! Une occasion unique de travailler avec des \u00e9quipements \u00e0 la pointe des\ntechnologies actuelles en m\u00e9canique et en \u00e9lectronique dans des environnements divers.\n                      <br>\n                    <\/p>\n                  <\/div>\n                <\/div>\n                <div data-colibri-id=\"8682-c11\" class=\"h-x-container style-2611 style-local-8682-c11 position-relative h-element\">\n                  <!---->\n                  <div class=\"h-x-container-inner style-dynamic-8682-c11-group style-2611-spacing style-local-8682-c11-spacing\"><span class=\"h-button__outer style-2621-outer style-local-8682-c12-outer d-inline-flex h-element\"><a h-use-smooth-scroll=\"true\" href=\"http:\/\/www.flodim.fr\/fr\/career\/jobs\/\" data-colibri-id=\"8682-c12\" class=\"d-flex w-100 align-items-center h-button justify-content-lg-center justify-content-md-center justify-content-center style-2621 style-local-8682-c12 position-relative\"><!----><!----> <span>OFFRES D'EMPLOI<\/span><\/a>\n                    <\/span><span class=\"h-button__outer style-2612-outer style-local-8682-c13-outer d-inline-flex h-element\"><a h-use-smooth-scroll=\"true\" href=\"http:\/\/www.flodim.fr\/fr\/career\/spontaneous-application\/\" data-colibri-id=\"8682-c13\" class=\"d-flex w-100 align-items-center h-button justify-content-lg-center justify-content-md-center justify-content-center style-2612 style-local-8682-c13 position-relative\"><!----><!----> <span>CANDIDATURE SPONTAN\u00c9E<\/span><\/a>\n                    <\/span>\n                  <\/div>\n                <\/div>\n              <\/div>\n            <\/div>\n          <\/div>\n          <div class=\"h-column h-column-container d-flex h-col-lg-auto h-col-md-auto h-col-auto style-2613-outer style-local-8682-c14-outer\">\n            <div data-colibri-id=\"8682-c14\" class=\"d-flex h-flex-basis h-column__inner h-px-lg-2 h-px-md-2 h-px-2 v-inner-lg-2 v-inner-md-2 v-inner-2 style-2613 style-local-8682-c14 position-relative\">\n              <!---->\n              <!---->\n              <div class=\"w-100 h-y-container h-column__content h-column__v-align flex-basis-100 align-self-lg-center align-self-md-center align-self-center\">\n                <!---->\n                <div data-colibri-id=\"8682-c15\" class=\"h-multiple-image style-2614 style-local-8682-c15 position-relative h-element\">\n                  <!---->\n                  <div class=\"position-relative\">\n                    <div class=\"h-multiple-image-inside-container\">\n                      <div class=\"ratio-inner\">\n                        <div data-colibri-id=\"8682-c16\" class=\"d-block style-2615 style-local-8682-c16 position-relative h-element\">\n                          <!---->\n                          <div class=\"h-image__frame-container-outer\">\n                            <div class=\"h-image__frame-container\">\n                              <!---->\n                              <div class=\"h-image__overlay style-2615-overlay style-local-8682-c16-overlay\">\n                                <div class=\"overlay-layer\">\n                                  <div class=\"overlay-image-layer\" style=\"background-color: rgb(255, 255, 255); opacity: 0.5;\"><\/div>\n                                <\/div>\n                              <\/div>\n                              <img loading=\"lazy\" width=\"812\" height=\"811\" src=\"http:\/\/www.flodim.fr\/wp-content\/uploads\/2023\/09\/cropped-3dmodel-3.png\" class=\"style-2614-images style-local-8682-c15-images wp-image-9090 style-2615-image style-local-8682-c16-image\" srcset=\"http:\/\/www.flodim.fr\/wp-content\/uploads\/2023\/09\/cropped-3dmodel-3.png 812w, http:\/\/www.flodim.fr\/wp-content\/uploads\/2023\/09\/cropped-3dmodel-3-300x300.png 300w, http:\/\/www.flodim.fr\/wp-content\/uploads\/2023\/09\/cropped-3dmodel-3-150x150.png 150w, http:\/\/www.flodim.fr\/wp-content\/uploads\/2023\/09\/cropped-3dmodel-3-768x767.png 768w, http:\/\/www.flodim.fr\/wp-content\/uploads\/2023\/09\/cropped-3dmodel-3-12x12.png 12w\" sizes=\"(max-width: 812px) 100vw, 812px\" alt=\"\">\n                              <div class=\"h-image__frame h-hide-lg h-hide-md h-hide-sm style-2615-frameImage style-local-8682-c16-frameImage\"><\/div>\n                            <\/div>\n                          <\/div>\n                        <\/div>\n                        <div data-colibri-id=\"8682-c17\" class=\"d-block style-2616 style-local-8682-c17 position-relative h-element\">\n                          <!---->\n                          <div class=\"h-image__frame-container-outer\">\n                            <div class=\"h-image__frame-container\">\n                              <!---->\n                              <!---->\n                              <img loading=\"lazy\" width=\"638\" height=\"781\" src=\"http:\/\/www.flodim.fr\/wp-content\/uploads\/2021\/10\/cropped-IMG-20211012-WA0019.jpg\" class=\"style-2614-images style-local-8682-c15-images wp-image-9093 style-2616-image style-local-8682-c17-image\" srcset=\"http:\/\/www.flodim.fr\/wp-content\/uploads\/2021\/10\/cropped-IMG-20211012-WA0019.jpg 638w, http:\/\/www.flodim.fr\/wp-content\/uploads\/2021\/10\/cropped-IMG-20211012-WA0019-245x300.jpg 245w, http:\/\/www.flodim.fr\/wp-content\/uploads\/2021\/10\/cropped-IMG-20211012-WA0019-10x12.jpg 10w\" sizes=\"(max-width: 638px) 100vw, 638px\" alt=\"\">\n                              <div class=\"h-image__frame h-hide-lg h-hide-md h-hide-sm style-2616-frameImage style-local-8682-c17-frameImage\"><\/div>\n                            <\/div>\n                          <\/div>\n                        <\/div>\n                        <div data-colibri-id=\"8682-c18\" class=\"d-block style-2617 style-local-8682-c18 position-relative h-element\">\n                          <!---->\n                          <div class=\"h-image__frame-container-outer\">\n                            <div class=\"h-image__frame-container\">\n                              <!---->\n                              <!---->\n                              <img loading=\"lazy\" width=\"1708\" height=\"1707\" src=\"http:\/\/www.flodim.fr\/wp-content\/uploads\/2020\/10\/cropped-IMG_7483-scaled-1-e1607101650204.jpg\" class=\"style-2614-images style-local-8682-c15-images wp-image-1334 style-2617-image style-local-8682-c18-image\" srcset=\"http:\/\/www.flodim.fr\/wp-content\/uploads\/2020\/10\/cropped-IMG_7483-scaled-1-e1607101650204.jpg 1708w, http:\/\/www.flodim.fr\/wp-content\/uploads\/2020\/10\/cropped-IMG_7483-scaled-1-e1607101650204-300x300.jpg 300w, http:\/\/www.flodim.fr\/wp-content\/uploads\/2020\/10\/cropped-IMG_7483-scaled-1-e1607101650204-1024x1024.jpg 1024w, http:\/\/www.flodim.fr\/wp-content\/uploads\/2020\/10\/cropped-IMG_7483-scaled-1-e1607101650204-150x150.jpg 150w, http:\/\/www.flodim.fr\/wp-content\/uploads\/2020\/10\/cropped-IMG_7483-scaled-1-e1607101650204-768x768.jpg 768w, http:\/\/www.flodim.fr\/wp-content\/uploads\/2020\/10\/cropped-IMG_7483-scaled-1-e1607101650204-1536x1536.jpg 1536w, http:\/\/www.flodim.fr\/wp-content\/uploads\/2020\/10\/cropped-IMG_7483-scaled-1-e1607101650204-12x12.jpg 12w\" sizes=\"(max-width: 1708px) 100vw, 1708px\" alt=\"\">\n                              <div class=\"h-image__frame h-hide-lg h-hide-md h-hide-sm style-2617-frameImage style-local-8682-c18-frameImage\"><\/div>\n                            <\/div>\n                          <\/div>\n                        <\/div>\n                        <div data-colibri-id=\"8682-c19\" class=\"d-block style-2618 style-local-8682-c19 position-relative h-element\">\n                          <!---->\n                          <div class=\"h-image__frame-container-outer\">\n                            <div class=\"h-image__frame-container\">\n                              <!---->\n                              <div class=\"h-image__overlay style-2618-overlay style-local-8682-c19-overlay\">\n                                <div class=\"overlay-layer\">\n                                  <div class=\"overlay-image-layer\" style=\"background-color: rgb(255, 255, 255); opacity: 0.5;\"><\/div>\n                                <\/div>\n                              <\/div>\n                              <img loading=\"lazy\" width=\"666\" height=\"664\" src=\"http:\/\/www.flodim.fr\/wp-content\/uploads\/2020\/09\/cropped-1.jpg\" class=\"style-2614-images style-local-8682-c15-images wp-image-9092 style-2618-image style-local-8682-c19-image\" srcset=\"http:\/\/www.flodim.fr\/wp-content\/uploads\/2020\/09\/cropped-1.jpg 666w, http:\/\/www.flodim.fr\/wp-content\/uploads\/2020\/09\/cropped-1-300x300.jpg 300w, http:\/\/www.flodim.fr\/wp-content\/uploads\/2020\/09\/cropped-1-150x150.jpg 150w, http:\/\/www.flodim.fr\/wp-content\/uploads\/2020\/09\/cropped-1-12x12.jpg 12w\" sizes=\"(max-width: 666px) 100vw, 666px\" alt=\"\">\n                              <div class=\"h-image__frame h-hide-lg h-hide-md h-hide-sm style-2618-frameImage style-local-8682-c19-frameImage\"><\/div>\n                            <\/div>\n                          <\/div>\n                        <\/div>\n                      <\/div>\n                    <\/div>\n                  <\/div>\n                <\/div>\n              <\/div>\n            <\/div>\n          <\/div>\n        <\/div>\n      <\/div>\n    <\/div>\n  <\/div>\n  <div data-colibri-component=\"section\" data-colibri-id=\"8682-c20\" id=\"overlappable\" class=\"h-section h-section-global-spacing d-flex align-items-lg-center align-items-md-center align-items-center style-2340 style-local-8682-c20 position-relative\">\n    <!---->\n    <!---->\n    <div class=\"h-section-grid-container h-section-boxed-container\">\n      <!---->\n      <div data-colibri-id=\"8682-c21\" class=\"h-row-container gutters-row-lg-2 gutters-row-md-2 gutters-row-2 gutters-row-v-lg-2 gutters-row-v-md-2 gutters-row-v-2 style-2341 style-local-8682-c21 position-relative\">\n        <!---->\n        <div class=\"h-row justify-content-lg-center justify-content-md-center justify-content-center align-items-lg-stretch align-items-md-stretch align-items-stretch gutters-col-lg-2 gutters-col-md-2 gutters-col-2 gutters-col-v-lg-2 gutters-col-v-md-2 gutters-col-v-2\">\n          <!---->\n          <div class=\"h-column h-column-container d-flex h-col-lg-4 h-col-md-4 h-col-12 style-2342-outer style-local-8682-c22-outer\">\n            <div data-colibri-id=\"8682-c22\" class=\"d-flex h-flex-basis h-column__inner h-px-lg-3 h-px-md-3 h-px-3 v-inner-lg-3 v-inner-md-3 v-inner-3 style-2342 style-local-8682-c22 position-relative\">\n              <!---->\n              <!---->\n              <div class=\"w-100 h-y-container h-column__content h-column__v-align flex-basis-100 align-self-lg-start align-self-md-start align-self-start\">\n                <!---->\n                <div data-colibri-id=\"8682-c23\" class=\"h-icon style-2343 style-local-8682-c23 position-relative h-element\">\n                  <!----><span class=\"h-svg-icon h-icon__icon style-2343-icon style-local-8682-c23-icon\"><!--Icon by Ionicons (https:\/\/ionicons.com)--><svg version=\"1.1\" xmlns=\"http:\/\/www.w3.org\/2000\/svg\" xmlns:xlink=\"http:\/\/www.w3.org\/1999\/xlink\" id=\"ios-people\" viewbox=\"0 0 448 512\"><path d=\"M317 335c11 4-11-4 0 0zm0 0c28 10 46 35 46 65H85c0-22 9-42 27-55 15-11 31-12 49-16 7-1 24-5 26-13s1-15 1-23c0-3 0-3-2-5-4-4-6-9-8-14-2-8-3-16-4-24-9 2-10-16-12-21-1-4-7-24 3-21-3-5-4-13-5-19-2-13-2-26 3-39 10-26 37-39 64-38 26 1 51 16 59 42 4 12 3 26 1 39-1 5-2 11-4 15 10-3 4 20 3 23-2 5-3 21-12 19-1 10-2 22-7 31-1 2-7 8-7 10v11c0 5 0 10 2 15s10 7 14 8c14 5 27 5 41 10zm-206-13h2-2zm0 0c-9 5-17 11-24 19-1 2-6 11-7 11H0c0-20 12-34 30-40 6-2 27-4 30-11 2-5 1-11 1-16-10 1-24-1-32-7-2-2 3-9 4-12 1-4 2-7 3-11 1-9 1-19 1-28 0-16-1-35 8-49 8-13 23-18 38-18 24 0 43 13 47 37 3 16 1 32 2 48 0 8 2 16 5 24 1 2 5 7 3 9l-6 3c-5 2-11 3-17 4-1 0-8 0-9 1s0 9 0 11c0 4 1 6 5 7 6 2 19 3 23 8 2 3 1 5-2 5-7 1-14 2-21 5 2-1 2-2-1 0-8 4-4 2-1 0zm306-10c18 6 31 20 31 40h-80c-2-8-10-14-16-19-8-6-18-13-28-15-3-1-16 1-13-5 2-4 9-5 13-6s15-2 16-7c0-1 1-14 0-14-6 0-12-1-18-2-4-1-7-2-11-4-6-3-2-6 0-11 14-32-10-88 32-105 15-6 34-5 48 3 15 9 20 27 20 44 0 20-4 44 7 62 2 3 4 4 0 6-2 1-4 1-6 2l-12 3s-9 1-13 1c0 4-2 13 1 17 6 7 21 7 29 10z\"><\/path><\/svg><\/span><\/div>\n                <div data-colibri-id=\"8682-c24\" class=\"h-global-transition-all h-heading style-2344 style-local-8682-c24 position-relative h-element\">\n                  <!---->\n                  <div class=\"h-heading__outer style-2344 style-local-8682-c24\">\n                    <!---->\n                    <!---->\n                    <h4 class=\"\">Int\u00e9gration<\/h4>\n                  <\/div>\n              <\/div>\n              <div data-colibri-id=\"8682-c25\" class=\"h-text h-text-component style-2345 style-local-8682-c25 position-relative h-element\">\n                <!---->\n                <!---->\n                <div class=\"\">\n                  <p>Soci\u00e9t\u00e9 de taille humaine, nous accordons beaucoup d\u2019importance \u00e0 la vie de l\u2019entreprise, l\u2019int\u00e9gration des nouveaux employ\u00e9s est primordiale pour une collaboration des plus efficaces.\n                    <br>\n                  <\/p>\n                <\/div>\n              <\/div>\n            <\/div>\n          <\/div>\n        <\/div>\n        <div class=\"h-column h-column-container d-flex h-col-lg-4 h-col-md-4 h-col-12 style-2342-outer style-local-8682-c26-outer\">\n          <div data-colibri-id=\"8682-c26\" class=\"d-flex h-flex-basis h-column__inner h-px-lg-3 h-px-md-3 h-px-3 v-inner-lg-3 v-inner-md-3 v-inner-3 style-2342 style-local-8682-c26 position-relative\">\n            <!---->\n            <!---->\n            <div class=\"w-100 h-y-container h-column__content h-column__v-align flex-basis-100 align-self-lg-start align-self-md-start align-self-start\">\n              <!---->\n              <div data-colibri-id=\"8682-c27\" class=\"h-icon style-2343 style-local-8682-c27 position-relative h-element\">\n                <!----><span class=\"h-svg-icon h-icon__icon style-2343-icon style-local-8682-c27-icon\"><!--Icon by Font Awesome (https:\/\/fontawesome.com)--><svg version=\"1.1\" xmlns=\"http:\/\/www.w3.org\/2000\/svg\" xmlns:xlink=\"http:\/\/www.w3.org\/1999\/xlink\" id=\"map-marker\" viewbox=\"0 0 1049.8953 1896.0833\"><path d=\"M768 640q0-106-75-181t-181-75-181 75-75 181 75 181 181 75 181-75 75-181zm256 0q0 109-33 179l-364 774q-16 33-47.5 52t-67.5 19-67.5-19-46.5-52L33 819Q0 749 0 640q0-212 150-362t362-150 362 150 150 362z\"><\/path><\/svg><\/span><\/div>\n              <div data-colibri-id=\"8682-c28\" class=\"h-global-transition-all h-heading style-2344 style-local-8682-c28 position-relative h-element\">\n                <!---->\n                <div class=\"h-heading__outer style-2344 style-local-8682-c28\">\n                  <!---->\n                  <!---->\n                  <h4 class=\"\">Localisation<\/h4>\n                <\/div>\n            <\/div>\n            <div data-colibri-id=\"8682-c29\" class=\"h-text h-text-component style-2345 style-local-8682-c29 position-relative h-element\">\n              <!---->\n              <!---->\n              <div class=\"\">\n                <p>La soci\u00e9t\u00e9 est bas\u00e9e \u00e0 Manosque (France). Notre activit\u00e9 s'\u00e9tend sur des chantiers en France comme \u00e0 l'\u00e9tranger. Pour certains collaborateurs, elle implique de voyager r\u00e9guli\u00e8rement et de travailler parfois les weekends et jours f\u00e9ri\u00e9s.<\/p>\n              <\/div>\n            <\/div>\n          <\/div>\n        <\/div>\n      <\/div>\n      <div class=\"h-column h-column-container d-flex h-col-lg-4 h-col-md-4 h-col-12 style-2342-outer style-local-8682-c30-outer\">\n        <div data-colibri-id=\"8682-c30\" class=\"d-flex h-flex-basis h-column__inner h-px-lg-3 h-px-md-3 h-px-3 v-inner-lg-3 v-inner-md-3 v-inner-3 style-2342 style-local-8682-c30 position-relative\">\n          <!---->\n          <!---->\n          <div class=\"w-100 h-y-container h-column__content h-column__v-align flex-basis-100 align-self-lg-start align-self-md-start align-self-start\">\n            <!---->\n            <div data-colibri-id=\"8682-c31\" class=\"h-icon style-2343 style-local-8682-c31 position-relative h-element\">\n              <!----><span class=\"h-svg-icon h-icon__icon style-2343-icon style-local-8682-c31-icon\"><!--Icon by Icons8 Line Awesome (https:\/\/icons8.com\/line-awesome)--><svg version=\"1.1\" xmlns=\"http:\/\/www.w3.org\/2000\/svg\" xmlns:xlink=\"http:\/\/www.w3.org\/1999\/xlink\" id=\"book\" viewbox=\"0 0 512 545.5\"><path d=\"M160 112c46.716 0 87.714 15.696 96 19 8.286-3.304 49.284-19 96-19 51.633 0 102 21 102 21l10 4.5V464H283.5c-5.535 9.55-15.662 16-27.5 16s-21.965-6.45-27.5-16H48V137.5l10-4.5s50.367-21 102-21zm0 32c-35.185 0-67.71 11.04-80 15.5v258c19-6.27 46.35-14 80-14 32.912 0 62.207 8.096 80 14v-258c-16.003-5.485-49.065-15.5-80-15.5zm192 0c-30.935 0-63.997 10.015-80 15.5v258c17.793-5.904 47.088-14 80-14 33.65 0 61 7.73 80 14v-258c-12.29-4.46-44.815-15.5-80-15.5z\"><\/path><\/svg><\/span><\/div>\n            <div data-colibri-id=\"8682-c32\" class=\"h-global-transition-all h-heading style-2344 style-local-8682-c32 position-relative h-element\">\n              <!---->\n              <div class=\"h-heading__outer style-2344 style-local-8682-c32\">\n                <!---->\n                <!---->\n                <h4 class=\"\">Formation<\/h4>\n              <\/div>\n          <\/div>\n          <div data-colibri-id=\"8682-c33\" class=\"h-text h-text-component style-2345 style-local-8682-c33 position-relative h-element\">\n            <!---->\n            <!---->\n            <div class=\"\">\n              <p>Flodim s'engage dans la formation de tous ses collaborateurs. Des formations internes et externes sont pr\u00e9vues pour vous aider \u00e0 am\u00e9liorer vos comp\u00e9tences et \u00e0 faire face aux sp\u00e9cificit\u00e9s du m\u00e9tier.\n                <br>\n              <\/p>\n            <\/div>\n          <\/div>\n        <\/div>\n      <\/div>\n    <\/div>\n  <\/div>\n<\/div>\n<\/div>\n<\/div>\n<\/div>","protected":false},"excerpt":{"rendered":"<p>Our company is always looking for committed professionals with varied profiles to join our dynamic teams. You want to work in a stimulating and challenging human-sized company ? Join the Flodim team ! A unique opportunity to work with logging probes and equipment at the cutting edge of current mechanical &amp; electronic technologies in a [&hellip;]<\/p>","protected":false},"author":1,"featured_media":0,"parent":0,"menu_order":0,"comment_status":"closed","ping_status":"closed","template":"page-templates\/full-width-page.php","meta":{"content-type":""},"aioseo_notices":[],"_links":{"self":[{"href":"http:\/\/www.flodim.fr\/fr\/wp-json\/wp\/v2\/pages\/8682"}],"collection":[{"href":"http:\/\/www.flodim.fr\/fr\/wp-json\/wp\/v2\/pages"}],"about":[{"href":"http:\/\/www.flodim.fr\/fr\/wp-json\/wp\/v2\/types\/page"}],"author":[{"embeddable":true,"href":"http:\/\/www.flodim.fr\/fr\/wp-json\/wp\/v2\/users\/1"}],"replies":[{"embeddable":true,"href":"http:\/\/www.flodim.fr\/fr\/wp-json\/wp\/v2\/comments?post=8682"}],"version-history":[{"count":20,"href":"http:\/\/www.flodim.fr\/fr\/wp-json\/wp\/v2\/pages\/8682\/revisions"}],"predecessor-version":[{"id":9140,"href":"http:\/\/www.flodim.fr\/fr\/wp-json\/wp\/v2\/pages\/8682\/revisions\/9140"}],"wp:attachment":[{"href":"http:\/\/www.flodim.fr\/fr\/wp-json\/wp\/v2\/media?parent=8682"}],"curies":[{"name":"wp","href":"https:\/\/api.w.org\/{rel}","templated":true}]}}