{"id":624,"date":"2020-09-28T14:49:03","date_gmt":"2020-09-28T12:49:03","guid":{"rendered":"http:\/\/www.blog.flodim.fr\/?page_id=624"},"modified":"2026-03-02T15:04:04","modified_gmt":"2026-03-02T14:04:04","slug":"research-development","status":"publish","type":"page","link":"http:\/\/www.flodim.fr\/fr\/what-we-do\/research-development\/","title":{"rendered":"<p>Recherche &amp; D\u00e9veloppement<\/p>"},"content":{"rendered":"<div data-colibri-id=\"624-c1\" class=\"style-1321 style-local-624-c1 position-relative\">\n  <!---->\n  <div data-colibri-component=\"section\" data-colibri-id=\"624-c2\" id=\"about\" class=\"h-section h-section-global-spacing d-flex align-items-lg-center align-items-md-center align-items-center style-1322 style-local-624-c2 position-relative\">\n    <div class=\"background-wrapper\">\n      <div class=\"background-layer background-layer-media-container-lg\">\n        <!---->\n        <div class=\"overlay-layer\">\n          <div class=\"overlay-image-layer\" style=\"background-color: rgb(255, 255, 255); opacity: 0.9;\"><\/div>\n        <\/div>\n      <\/div>\n      <div class=\"background-layer background-layer-media-container-md\">\n        <!---->\n        <div class=\"overlay-layer\">\n          <div class=\"overlay-image-layer\" style=\"background-color: rgb(255, 255, 255); opacity: 0.9;\"><\/div>\n        <\/div>\n      <\/div>\n      <div class=\"background-layer background-layer-media-container\">\n        <!---->\n        <div class=\"overlay-layer\">\n          <div class=\"overlay-image-layer\" style=\"background-color: rgb(255, 255, 255); opacity: 0.9;\"><\/div>\n        <\/div>\n      <\/div>\n    <\/div>\n    <!---->\n    <div class=\"h-section-grid-container h-section-boxed-container\">\n      <!---->\n      <div data-colibri-id=\"624-c3\" class=\"h-row-container gutters-row-lg-2 gutters-row-md-2 gutters-row-0 gutters-row-v-lg-2 gutters-row-v-md-2 gutters-row-v-2 style-1334 style-local-624-c3 position-relative\">\n        <!---->\n        <div class=\"h-row justify-content-lg-center justify-content-md-center justify-content-center align-items-lg-stretch align-items-md-stretch align-items-stretch gutters-col-lg-2 gutters-col-md-2 gutters-col-0 gutters-col-v-lg-2 gutters-col-v-md-2 gutters-col-v-2\">\n          <!---->\n          <div class=\"h-column h-column-container d-flex h-col-lg-auto h-col-md-auto h-col-auto style-1335-outer style-local-624-c4-outer\">\n            <div data-colibri-id=\"624-c4\" class=\"d-flex h-flex-basis h-column__inner h-px-lg-1 h-px-md-1 h-px-1 v-inner-lg-1 v-inner-md-1 v-inner-1 style-1335 style-local-624-c4 position-relative\">\n              <!---->\n              <!---->\n              <div class=\"w-100 h-y-container h-column__content h-column__v-align flex-basis-100 align-self-lg-start align-self-md-start align-self-start\">\n                <!---->\n                <div data-colibri-id=\"624-c5\" class=\"h-global-transition-all h-heading style-1336 style-local-624-c5 position-relative h-element\">\n                  <!---->\n                  <div class=\"h-heading__outer style-1336 style-local-624-c5\">\n                    <!---->\n                    <!---->\n                    <h3 class=\"\">O\u00d9 <span style=\"font-weight: 400;\">L'INNOVATION <\/span>REPOND AUX <span style=\"font-weight: 400;\">BESOINS <\/span>OPERATIONNELS<\/h3>\n                  <\/div>\n                <\/div>\n                <div data-colibri-id=\"624-c6\" class=\"h-text h-text-component style-1333 style-local-624-c6 position-relative h-element\">\n                  <!---->\n                  <!---->\n                  <div class=\"\">\n                    <p><em>Avec plus de 30 ans d'exp\u00e9rience dans la fourniture de solutions brevet\u00e9es, innovantes et adapt\u00e9es aux besoins de nos clients, Flodim reste fid\u00e8le \u00e0 ses principes, privil\u00e9giant la s\u00e9curit\u00e9 et la qualit\u00e9 \u00e0 toutes les \u00e9tapes de la cha\u00eene de valeur.<\/em><\/p>\n                  <\/div>\n                <\/div>\n              <\/div>\n            <\/div>\n          <\/div>\n        <\/div>\n      <\/div>\n    <\/div>\n  <\/div>\n  <div data-colibri-component=\"section\" data-colibri-id=\"624-c7\" id=\"about\" class=\"h-section h-section-global-spacing d-flex align-items-lg-center align-items-md-center align-items-center style-1322 style-local-624-c7 position-relative\">\n    <div class=\"background-wrapper\">\n      <div class=\"background-layer background-layer-media-container-lg\">\n        <!---->\n        <div class=\"overlay-layer\">\n          <div class=\"overlay-image-layer\" style=\"background-color: rgb(255, 255, 255); opacity: 0.9;\"><\/div>\n        <\/div>\n      <\/div>\n      <div class=\"background-layer background-layer-media-container-md\">\n        <!---->\n        <div class=\"overlay-layer\">\n          <div class=\"overlay-image-layer\" style=\"background-color: rgb(255, 255, 255); opacity: 0.9;\"><\/div>\n        <\/div>\n      <\/div>\n      <div class=\"background-layer background-layer-media-container\">\n        <!---->\n        <div class=\"overlay-layer\">\n          <div class=\"overlay-image-layer\" style=\"background-color: rgb(255, 255, 255); opacity: 0.9;\"><\/div>\n        <\/div>\n      <\/div>\n    <\/div>\n    <!---->\n    <div class=\"h-section-grid-container h-section-boxed-container\">\n      <!---->\n      <div data-colibri-id=\"624-c8\" class=\"h-row-container gutters-row-lg-0 gutters-row-md-0 gutters-row-0 gutters-row-v-lg-0 gutters-row-v-md-0 gutters-row-v-0 style-1323 style-local-624-c8 position-relative\">\n        <!---->\n        <div class=\"h-row justify-content-lg-center justify-content-md-center justify-content-center align-items-lg-stretch align-items-md-stretch align-items-stretch gutters-col-lg-0 gutters-col-md-0 gutters-col-0 gutters-col-v-lg-0 gutters-col-v-md-0 gutters-col-v-0\">\n          <!---->\n          <div class=\"h-column h-column-container d-flex h-col-lg-auto h-col-md-auto h-col-auto style-1324-outer style-local-624-c9-outer\">\n            <div data-colibri-id=\"624-c9\" class=\"d-flex h-flex-basis h-column__inner h-ui-empty-state-container h-px-lg-0 h-px-md-0 h-px-0 v-inner-lg-0 v-inner-md-0 v-inner-0 style-1324 style-local-624-c9 position-relative\">\n              <!---->\n              <!---->\n              <div class=\"w-100 h-y-container h-column__content h-column__v-align flex-basis-100\">\n                <!---->\n              <\/div>\n            <\/div>\n          <\/div>\n          <div class=\"h-column h-column-container d-flex h-col-lg-auto h-col-md-auto h-col-auto style-1325-outer style-local-624-c10-outer\">\n            <div data-colibri-id=\"624-c10\" class=\"d-flex h-flex-basis h-column__inner h-ui-empty-state-container h-px-lg-2 h-px-md-2 h-px-0 v-inner-lg-2 v-inner-md-2 v-inner-0 style-1325 style-local-624-c10 position-relative\">\n              <!---->\n              <!---->\n              <div class=\"w-100 h-y-container h-column__content h-column__v-align flex-basis-100\">\n                <!---->\n              <\/div>\n            <\/div>\n          <\/div>\n          <div class=\"h-column h-column-container d-flex h-col-lg-auto h-col-md-auto h-col-auto style-1326-outer style-local-624-c11-outer\">\n            <div data-colibri-id=\"624-c11\" class=\"d-flex h-flex-basis h-column__inner h-px-lg-3 h-px-md-3 h-px-3 v-inner-lg-3 v-inner-md-3 v-inner-3 style-1326 style-local-624-c11 position-relative\">\n              <!---->\n              <!---->\n              <div class=\"w-100 h-y-container h-column__content h-column__v-align flex-basis-100 align-self-lg-center align-self-md-center align-self-center\">\n                <!---->\n                <div data-colibri-id=\"624-c12\" class=\"h-global-transition-all h-heading style-1327 style-local-624-c12 position-relative h-element\">\n                  <!---->\n                  <div class=\"h-heading__outer style-1327 style-local-624-c12\">\n                    <!---->\n                    <!---->\n                    <h3 class=\"\">-&nbsp;<em style='color: rgb(3, 169, 244); font-family: \"Playfair Display\";'>Recherche<\/em> et <em style='color: rgb(3, 169, 244); font-family: \"Playfair Display\";'>D\u00e9veloppement<\/em><\/h3>\n                  <\/div>\n                <\/div>\n                <div data-colibri-id=\"624-c13\" class=\"h-lead h-text h-text-component style-1342 style-local-624-c13 position-relative h-element\">\n                  <!---->\n                  <!---->\n                  <div class=\"\">\n                    <p>Avec une grande partie de nos capacit\u00e9s financi\u00e8res investies dans l'innovation, Flodim m\u00e8ne des projets internes et coop\u00e9ratifs et est aujourd'hui une r\u00e9f\u00e9rence en R&amp;D sp\u00e9cialis\u00e9e. Passionn\u00e9s de technologie, nos ing\u00e9nieurs transforment les probl\u00e8mes en solutions, am\u00e8nent des id\u00e9es \u00e0 la r\u00e9alit\u00e9 en combinant m\u00e9canique, \u00e9lectronique, traitement du signal et d\u00e9veloppements logiciels.<\/p>\n                    <p>\n                      <br>\n                    <\/p>\n                  <\/div>\n                <\/div>\n              <\/div>\n            <\/div>\n          <\/div>\n        <\/div>\n      <\/div>\n    <\/div>\n  <\/div>\n  <div data-colibri-component=\"section\" data-colibri-id=\"624-c14\" id=\"about-2\" class=\"h-section h-section-global-spacing d-flex align-items-lg-center align-items-md-center align-items-center style-1337 style-local-624-c14 position-relative\">\n    <!---->\n    <!---->\n    <div class=\"h-section-grid-container h-section-boxed-container\">\n      <!---->\n      <div data-colibri-id=\"624-c15\" class=\"h-row-container gutters-row-lg-2 gutters-row-md-2 gutters-row-2 gutters-row-v-lg-2 gutters-row-v-md-2 gutters-row-v-2 style-1338 style-local-624-c15 position-relative\">\n        <!---->\n        <div class=\"h-row justify-content-lg-center justify-content-md-center justify-content-center align-items-lg-stretch align-items-md-stretch align-items-stretch gutters-col-lg-2 gutters-col-md-2 gutters-col-2 gutters-col-v-lg-2 gutters-col-v-md-2 gutters-col-v-2\">\n          <!---->\n          <div class=\"h-column h-column-container d-flex h-col-lg-auto h-col-md-auto h-col-auto style-1339-outer style-local-624-c16-outer\">\n            <div data-colibri-id=\"624-c16\" class=\"d-flex h-flex-basis h-column__inner h-px-lg-2 h-px-md-2 h-px-2 v-inner-lg-2 v-inner-md-2 v-inner-2 style-1339 style-local-624-c16 position-relative\">\n              <!---->\n              <!---->\n              <div class=\"w-100 h-y-container h-column__content h-column__v-align flex-basis-100 align-self-lg-center align-self-md-center align-self-center\">\n                <!---->\n                <div data-colibri-id=\"624-c17\" class=\"h-global-transition-all h-heading style-1340 style-local-624-c17 position-relative h-element\">\n                  <!---->\n                  <div class=\"h-heading__outer style-1340 style-local-624-c17\">\n                    <!---->\n                    <!---->\n                    <h5 class=\"\">Fabrication d'\u00e9quipements<\/h5>\n                  <\/div>\n                <\/div>\n                <div data-colibri-id=\"624-c18\" class=\"h-global-transition-all h-heading style-1341 style-local-624-c18 position-relative h-element\">\n                  <!---->\n                  <div class=\"h-heading__outer style-1341 style-local-624-c18\">\n                    <!---->\n                    <!---->\n                    <h2 class=\"\">En \u00e9troite collaboration avec nos \u00e9quipes <em style='font-family: \"Playfair Display\"; color: rgb(3, 169, 244);'>design <\/em> et <em style='font-family: \"Playfair Display\"; color: rgb(3, 169, 244);'>op\u00e9rationnelles <\/em>.<\/h2>\n                  <\/div>\n                <\/div>\n                <div data-colibri-id=\"624-c19\" class=\"h-lead h-text h-text-component style-1342 style-local-624-c19 position-relative h-element\">\n                  <!---->\n                  <!---->\n                  <div class=\"\">\n                    <p>Nos sp\u00e9cialistes transforment les dessins en prototypes, puis en outils op\u00e9rationnels fiables. Ils les adaptent aux besoins et  exigences du terrain, facilitant leur utilisation par les op\u00e9rateurs et am\u00e9liorant ainsi leur durabilit\u00e9.<\/p>\n                  <\/div>\n                <\/div>\n              <\/div>\n            <\/div>\n          <\/div>\n          <div class=\"h-column h-column-container d-flex h-col-lg-auto h-col-md-auto h-col-auto style-1345-outer style-local-624-c20-outer\">\n            <div data-colibri-id=\"624-c20\" class=\"d-flex h-flex-basis h-column__inner h-px-lg-2 h-px-md-2 h-px-2 v-inner-lg-2 v-inner-md-2 v-inner-2 style-1345 style-local-624-c20 position-relative\">\n              <!---->\n              <!---->\n              <div class=\"w-100 h-y-container h-column__content h-column__v-align flex-basis-100 align-self-lg-center align-self-md-center align-self-center\">\n                <!---->\n                <div data-colibri-id=\"624-c21\" class=\"d-block style-1346 style-local-624-c21 position-relative h-element\">\n                  <!---->\n                  <div class=\"h-image__frame-container-outer\">\n                    <div class=\"h-image__frame-container\">\n                      <!---->\n                      <!---->\n                      <img loading=\"lazy\" width=\"581\" height=\"1032\" src=\"http:\/\/www.flodim.fr\/wp-content\/uploads\/2020\/11\/20160905_180942.jpg\" class=\"wp-image-3390 style-1346-image style-local-624-c21-image\" srcset=\"http:\/\/www.flodim.fr\/wp-content\/uploads\/2020\/11\/20160905_180942.jpg 581w, http:\/\/www.flodim.fr\/wp-content\/uploads\/2020\/11\/20160905_180942-169x300.jpg 169w, http:\/\/www.flodim.fr\/wp-content\/uploads\/2020\/11\/20160905_180942-576x1024.jpg 576w, http:\/\/www.flodim.fr\/wp-content\/uploads\/2020\/11\/20160905_180942-7x12.jpg 7w\" sizes=\"(max-width: 581px) 100vw, 581px\" alt=\"\">\n                      <div class=\"h-image__frame h-image__frame_shadow h-hide-sm style-1346-frameImage style-local-624-c21-frameImage\"><\/div>\n                    <\/div>\n                  <\/div>\n                <\/div>\n              <\/div>\n            <\/div>\n          <\/div>\n        <\/div>\n      <\/div>\n    <\/div>\n  <\/div>\n  <div data-colibri-component=\"section\" data-colibri-id=\"624-c22\" id=\"about-3\" class=\"h-section h-section-global-spacing d-flex align-items-lg-center align-items-md-center align-items-center style-1347 style-local-624-c22 position-relative\">\n    <!---->\n    <!---->\n    <div class=\"h-section-grid-container h-section-boxed-container\">\n      <!---->\n      <div data-colibri-id=\"624-c23\" class=\"h-row-container gutters-row-lg-0 gutters-row-md-0 gutters-row-0 gutters-row-v-lg-0 gutters-row-v-md-0 gutters-row-v-0 style-1348 style-local-624-c23 position-relative\">\n        <!---->\n        <div class=\"h-row justify-content-lg-center justify-content-md-center justify-content-center align-items-lg-stretch align-items-md-stretch align-items-stretch gutters-col-lg-0 gutters-col-md-0 gutters-col-0 gutters-col-v-lg-0 gutters-col-v-md-0 gutters-col-v-0\">\n          <!---->\n          <div class=\"h-column h-column-container d-flex h-col-lg-auto h-col-md-auto h-col-auto style-1349-outer style-local-624-c24-outer\">\n            <div data-colibri-id=\"624-c24\" class=\"d-flex h-flex-basis h-column__inner h-ui-empty-state-container h-px-lg-0 h-px-md-0 h-px-0 v-inner-lg-0 v-inner-md-0 v-inner-0 style-1349 style-local-624-c24 position-relative\">\n              <!---->\n              <!---->\n              <div class=\"w-100 h-y-container h-column__content h-column__v-align flex-basis-100\">\n                <!---->\n              <\/div>\n            <\/div>\n          <\/div>\n          <div class=\"h-column h-column-container d-flex h-col-lg-auto h-col-md-auto h-col-auto style-1350-outer style-local-624-c25-outer\">\n            <div data-colibri-id=\"624-c25\" class=\"d-flex h-flex-basis h-column__inner h-px-lg-2 h-px-md-2 h-px-2 v-inner-lg-2 v-inner-md-2 v-inner-2 style-1350 style-local-624-c25 position-relative\">\n              <!---->\n              <!---->\n              <div class=\"w-100 h-y-container h-column__content h-column__v-align flex-basis-100 align-self-lg-start align-self-md-start align-self-start\">\n                <!---->\n                <div data-colibri-id=\"624-c26\" class=\"h-global-transition-all h-heading style-1341 style-local-624-c26 position-relative h-element\">\n                  <!---->\n                  <div class=\"h-heading__outer style-1341 style-local-624-c26\">\n                    <!---->\n                    <!---->\n                    <h2 class=\"\"><em style='color: rgb(3, 169, 244); font-family: \"Playfair Display\";'>Du prototype <\/em>au terrain<\/h2>\n                  <\/div>\n                <\/div>\n                <div data-colibri-id=\"624-c27\" class=\"h-lead h-text h-text-component style-1342 style-local-624-c27 position-relative h-element\">\n                  <!---->\n                  <!---->\n                  <div class=\"\">\n                    <p>En suivant notre programme de validation interne, tous les outils Flodim sont test\u00e9s de mani\u00e8re intensive  afin d'anticiper les conditions extr\u00eames rencontr\u00e9es sur le terrain. Gr\u00e2ce au puits test de Flodim les outils\n                       subissent une s\u00e9rie d'ajustements et de r\u00e9visions finales avant leur utilisation commerciale, ce qui augmente leur fiabilit\u00e9 et leur taux de r\u00e9ussite.<\/p>\n                    <p>\n                      <br>\n                    <\/p>\n                    <p>\n                      <br>\n                    <\/p>\n                  <\/div>\n                <\/div>\n              <\/div>\n            <\/div>\n          <\/div>\n        <\/div>\n      <\/div>\n    <\/div>\n  <\/div>\n  <div data-colibri-component=\"section\" data-colibri-id=\"624-c28\" id=\"reusable-sections\" class=\"h-section h-section-global-spacing d-flex align-items-lg-center align-items-md-center align-items-center style-1410 style-local-624-c28 position-relative\">\n    <!---->\n    <!---->\n    <div class=\"h-section-grid-container h-section-boxed-container\">\n      <!---->\n      <div data-colibri-id=\"624-c29\" class=\"h-row-container gutters-row-lg-2 gutters-row-md-2 gutters-row-0 gutters-row-v-lg-2 gutters-row-v-md-2 gutters-row-v-2 style-1411 style-local-624-c29 position-relative\">\n        <!---->\n        <div class=\"h-row justify-content-lg-center justify-content-md-center justify-content-center align-items-lg-stretch align-items-md-stretch align-items-stretch gutters-col-lg-2 gutters-col-md-2 gutters-col-0 gutters-col-v-lg-2 gutters-col-v-md-2 gutters-col-v-2\">\n          <!---->\n          <div class=\"h-column h-column-container d-flex h-col-lg-auto h-col-md-auto h-col-auto style-1412-outer style-local-624-c30-outer\">\n            <div data-colibri-id=\"624-c30\" class=\"d-flex h-flex-basis h-column__inner h-px-lg-2 h-px-md-2 h-px-2 v-inner-lg-2 v-inner-md-2 v-inner-2 style-1412 style-local-624-c30 position-relative\">\n              <!---->\n              <!---->\n              <div class=\"w-100 h-y-container h-column__content h-column__v-align flex-basis-100 align-self-lg-start align-self-md-start align-self-start\">\n                <!---->\n                <div data-colibri-id=\"624-c31\" class=\"style-1413 style-local-624-c31 position-relative h-element\">\n                  <!---->\n                  <div class=\"\"><a title=\"Parent topic\" href=\"..\/\">\r\n<div style=\"border:1px solid black; width:40px; height:40px; position:fixed; bottom:50px; left: 20px; border-radius:50%; background-color:rgba(200, 200, 255, .5); background-size:contain; background-image:url('https:\/\/www.flaticon.com\/svg\/static\/icons\/svg\/318\/318504.svg');\" class=\"navkeys\">\r\n<\/div>\r\n<\/a>\r\n\r\n<a title=\"Top of page\" href=\"#\">\r\n<div style=\"border:1px solid black; width:40px; height:40px; position:fixed; bottom:100px; left: 20px; border-radius:50%; background-color:rgba(200, 200, 255, .5); background-size:contain; background-image:url('https:\/\/www.flaticon.com\/svg\/static\/icons\/svg\/318\/318503.svg'); scroll-behavior: smooth;\" class=\"navkeys\">\r\n<\/div>\r\n<\/a><\/div>\n                <\/div>\n              <\/div>\n            <\/div>\n          <\/div>\n        <\/div>\n      <\/div>\n    <\/div>\n  <\/div>\n<\/div>","protected":false},"excerpt":{"rendered":"<p>WHERE INNOVATION MEETS OPERATIONAL NEEDS With over 30 years of experience in providing innovative, patented, and award-winning solutions adapted to our clients? needs, Flodim remains faithful to its principles, prioritizing safety and quality throughout all steps of the value chain. Dedicated&nbsp;Research and Development With a large part of our financial capabilities invested in innovation, Flodim [&hellip;]<\/p>","protected":false},"author":1,"featured_media":0,"parent":52,"menu_order":0,"comment_status":"closed","ping_status":"closed","template":"page-templates\/full-width-page.php","meta":{"content-type":""},"aioseo_notices":[],"_links":{"self":[{"href":"http:\/\/www.flodim.fr\/fr\/wp-json\/wp\/v2\/pages\/624"}],"collection":[{"href":"http:\/\/www.flodim.fr\/fr\/wp-json\/wp\/v2\/pages"}],"about":[{"href":"http:\/\/www.flodim.fr\/fr\/wp-json\/wp\/v2\/types\/page"}],"author":[{"embeddable":true,"href":"http:\/\/www.flodim.fr\/fr\/wp-json\/wp\/v2\/users\/1"}],"replies":[{"embeddable":true,"href":"http:\/\/www.flodim.fr\/fr\/wp-json\/wp\/v2\/comments?post=624"}],"version-history":[{"count":13,"href":"http:\/\/www.flodim.fr\/fr\/wp-json\/wp\/v2\/pages\/624\/revisions"}],"predecessor-version":[{"id":9415,"href":"http:\/\/www.flodim.fr\/fr\/wp-json\/wp\/v2\/pages\/624\/revisions\/9415"}],"up":[{"embeddable":true,"href":"http:\/\/www.flodim.fr\/fr\/wp-json\/wp\/v2\/pages\/52"}],"wp:attachment":[{"href":"http:\/\/www.flodim.fr\/fr\/wp-json\/wp\/v2\/media?parent=624"}],"curies":[{"name":"wp","href":"https:\/\/api.w.org\/{rel}","templated":true}]}}