{"id":3340,"date":"2020-11-16T10:05:41","date_gmt":"2020-11-16T09:05:41","guid":{"rendered":"http:\/\/www.blog.flodim.fr\/?page_id=3340"},"modified":"2022-04-11T17:12:50","modified_gmt":"2022-04-11T15:12:50","slug":"our-tools","status":"publish","type":"page","link":"http:\/\/www.flodim.fr\/fr\/our-tools\/","title":{"rendered":"<p>Nos Outils<\/p>"},"content":{"rendered":"<div data-colibri-id=\"3340-c1\" class=\"style-1498 style-local-3340-c1 position-relative\">\n  <!---->\n  <div data-colibri-component=\"section\" data-colibri-id=\"3340-c2\" id=\"custom\" class=\"h-section h-section-global-spacing d-flex align-items-lg-center align-items-md-center align-items-center style-1499 style-local-3340-c2 position-relative\">\n    <div class=\"background-wrapper\">\n      <div class=\"background-layer background-layer-media-container-lg\">\n        <!---->\n        <div class=\"overlay-layer\">\n          <div class=\"overlay-image-layer\" style=\"background-color: rgb(255, 255, 255); opacity: 0.8;\"><\/div>\n        <\/div>\n      <\/div>\n      <div class=\"background-layer background-layer-media-container-md\">\n        <!---->\n        <div class=\"overlay-layer\">\n          <div class=\"overlay-image-layer\" style=\"background-color: rgb(255, 255, 255); opacity: 0.8;\"><\/div>\n        <\/div>\n      <\/div>\n      <div class=\"background-layer background-layer-media-container\">\n        <!---->\n        <div class=\"overlay-layer\">\n          <div class=\"overlay-image-layer\" style=\"background-color: rgb(255, 255, 255); opacity: 0.8;\"><\/div>\n        <\/div>\n      <\/div>\n    <\/div>\n    <!---->\n    <div class=\"h-section-grid-container h-section-boxed-container\">\n      <!---->\n      <div data-colibri-id=\"3340-c3\" class=\"h-row-container gutters-row-lg-2 gutters-row-md-2 gutters-row-0 gutters-row-v-lg-2 gutters-row-v-md-2 gutters-row-v-2 style-1509 style-local-3340-c3 position-relative\">\n        <!---->\n        <div class=\"h-row justify-content-lg-center justify-content-md-center justify-content-center align-items-lg-stretch align-items-md-stretch align-items-stretch gutters-col-lg-2 gutters-col-md-2 gutters-col-0 gutters-col-v-lg-2 gutters-col-v-md-2 gutters-col-v-2\">\n          <!---->\n          <div class=\"h-column h-column-container d-flex h-col-lg-auto h-col-md-auto h-col-auto style-1510-outer style-local-3340-c4-outer\">\n            <div data-colibri-id=\"3340-c4\" class=\"d-flex h-flex-basis h-column__inner h-px-lg-2 h-px-md-2 h-px-2 v-inner-lg-2 v-inner-md-2 v-inner-2 style-1510 style-local-3340-c4 position-relative\">\n              <!---->\n              <!---->\n              <div class=\"w-100 h-y-container h-column__content h-column__v-align flex-basis-100 align-self-lg-start align-self-md-start align-self-start\">\n                <!---->\n                <div data-colibri-id=\"3340-c5\" class=\"h-text h-text-component style-1511 style-local-3340-c5 position-relative h-element\">\n                  <!---->\n                  <!---->\n                  <div class=\"\">\n                    <p><span style=\"color: rgb(8, 8, 8);\">Nous r\u00e9alisons des interventions en cavit\u00e9s souterraines et en puits avec les <\/span><em style=\"color: rgb(71, 114, 130); font-family: Playfair Display;\">outils<\/em><em style=\"font-family: Playfair Display; color: rgb(71, 114, 130);\"> <\/em>\n                      <em style=\"color: rgb(71, 114, 130); font-family: Playfair Display;\">et<\/em><em style=\"font-family: Playfair Display; color: rgb(71, 114, 130);\"> <\/em><em style=\"font-family: Playfair Display; color: rgb(71, 114, 130);\">mesures suivants<\/em> <span style=\"color: rgb(6, 6, 6);\">:<\/span><\/p>\n                  <\/div>\n                <\/div>\n              <\/div>\n            <\/div>\n          <\/div>\n        <\/div>\n      <\/div>\n      <div data-colibri-id=\"3340-c6\" class=\"h-row-container gutters-row-lg-2 gutters-row-md-2 gutters-row-0 gutters-row-v-lg-2 gutters-row-v-md-2 gutters-row-v-2 style-1500 style-local-3340-c6 position-relative\">\n        <!---->\n        <div class=\"h-row justify-content-lg-start justify-content-md-start justify-content-start align-items-lg-stretch align-items-md-stretch align-items-stretch gutters-col-lg-2 gutters-col-md-2 gutters-col-0 gutters-col-v-lg-2 gutters-col-v-md-2 gutters-col-v-2\">\n          <!---->\n          <div class=\"h-column h-column-container d-flex h-col-lg-auto h-col-md-auto h-col-auto style-1501-outer style-local-3340-c7-outer\">\n            <div data-colibri-id=\"3340-c7\" class=\"d-flex h-flex-basis h-column__inner h-px-lg-2 h-px-md-2 h-px-2 v-inner-lg-2 v-inner-md-2 v-inner-2 style-1501 style-local-3340-c7 position-relative\">\n              <!---->\n              <!---->\n              <div class=\"w-100 h-y-container h-column__content h-column__v-align flex-basis-100 align-self-lg-start align-self-md-start align-self-start\">\n                <!---->\n                <div data-colibri-id=\"3340-c8\" class=\"style-1556 style-local-3340-c8 position-relative h-element\">\n                  <!---->\n                  <div class=\"\"><input type=\"text\" placeholder=\"Search...\" align=\"left\" class=\"search\">\r\n\r\n<script src=\"http:\/\/www.flodim.fr\/ext\/js\/mark.min.js\" charset=\"UTF-8\"><\/script>\r\n<script>\r\n  const input = document.querySelector('input.search');\r\n  input.addEventListener('input', updateSearch);\r\n\r\n  var instance = new Mark(\"table.tools-table\");\r\n  \r\n  function updateSearch(e)\r\n  {\r\n    instance.unmark();\r\n    instance.mark(e.target.value);\r\n  }\r\n<\/script><\/div>\n                <\/div>\n                <div data-toggle=\"false\" data-is-preview=\"true\" data-colibri-component=\"accordion\" data-colibri-id=\"3340-c9\" class=\"h-accordion style-1502 style-local-3340-c9 position-relative h-element\">\n                  <!---->\n                  <div data-colibri-id=\"3340-c10\" class=\"h-accordion-item h-accordion-item-first-child style-1503 style-local-3340-c10 position-relative h-element\">\n                    <!---->\n                    <a data-open-by-default=\"true\" href=\"#3340-c10\" class=\"h-accordion-item-title d-flex align-items-center h-global-transition\">\n                      <!----><span>Outils<\/span>\n                      <div class=\"h-accordion-item-title-normal-icon h-accordion-item-title-icon h-accordion-item-title-icon-right\"><span class=\"h-svg-icon\"><!--Icon by Icons8 Line Awesome (https:\/\/icons8.com\/line-awesome)--><svg version=\"1.1\" xmlns=\"http:\/\/www.w3.org\/2000\/svg\" xmlns:xlink=\"http:\/\/www.w3.org\/1999\/xlink\" id=\"plus\" viewbox=\"0 0 512 545.5\"><path d=\"M240 112h32v160h160v32H272v160h-32V304H80v-32h160V112z\"><\/path><\/svg><\/span><\/div>\n                      <div class=\"h-accordion-item-title-active-icon h-accordion-item-title-icon h-accordion-item-title-icon-right\"><span class=\"h-svg-icon\"><!--Icon by Icons8 Line Awesome (https:\/\/icons8.com\/line-awesome)--><svg version=\"1.1\" xmlns=\"http:\/\/www.w3.org\/2000\/svg\" xmlns:xlink=\"http:\/\/www.w3.org\/1999\/xlink\" id=\"minus\" viewbox=\"0 0 512 545.5\"><path d=\"M80 272h352v32H80v-32z\"><\/path><\/svg><\/span><\/div>\n                    <\/a>\n                    <div id=\"3340-c10\" class=\"h-accordion-item-content__container\">\n                      <div class=\"w-100 h-y-container h-accordion-item-content\">\n                        <!---->\n                        <div data-colibri-id=\"3340-c11\" class=\"style-1512 style-local-3340-c11 position-relative h-element\">\n                          <!---->\n                          <div class=\"\"><table class=\"spec-table align-normal tools-table\" id=\"toolsTable\">\r\n<tbody>\r\n<tr>\r\n<th>Outil<\/th>\r\n<th><\/th>\r\n<th>Capteurs<\/th>\r\n<th><\/th>\r\n<\/tr>\r\n\r\n<tr>\r\n<td><a href=\"http:\/\/www.flodim.fr\/fr\/what-we-do\/cavern-services\/cavern-logging\/#ABI\/\">Acoustic Borehole Imager<\/a><\/td>\r\n<td><\/td>\r\n<td>Diam\u00e9treur 360\u00b0, amplitude acoustique, inclinaison<\/td>\r\n<td><p class=\"pdf_icon\"><\/p><\/td>\r\n<\/tr>\r\n\r\n<tr>\r\n<td><a href=\"http:\/\/www.flodim.fr\/fr\/what-we-do\/well-logging\/bottom-hole-sampling\/\">Pr\u00e9l\u00e8vement de fond<\/a><\/td>\r\n<td><p class=\"flodim_icon\" title=\"Made by Flodim\"><\/p><\/td>\r\n<td>Prises d'\u00e9chantillons PVT<\/td>\r\n<td><p class=\"pdf_icon\"><\/p><\/td>\r\n<\/tr>\r\n  \r\n<tr>\r\n<td>Diam\u00e9treur 3 bras<\/td>\r\n<td><\/td>\r\n<td>Diam\u00e8tre moyen<\/td>\r\n<td><p class=\"pdf_icon\"><\/p><\/td>\r\n<\/tr>\r\n\r\n<tr>\r\n<td><a href=\"http:\/\/www.flodim.fr\/fr\/what-we-do\/cavern-services\/cavern-logging\/#XYCaliper\/\">Diam\u00e9treur XY<\/a><\/td>\r\n<td><\/td>\r\n<td>Caliper 0&deg; X, Caliper 90&deg; Y<\/td>\r\n<td><p class=\"pdf_icon\"><\/p><\/td>\r\n<\/tr>\r\n  \r\n<tr>\r\n<td><a href=\"http:\/\/www.flodim.fr\/fr\/what-we-do\/cavern-services\/cavern-logging\/#CBL\/\">CBL<\/a><\/td>\r\n<td><\/td>\r\n<td>CBL-VDL, d\u00e9viation, azimut, temp\u00e9rature, CCL*, gamma-ray<\/td>\r\n<td><p class=\"pdf_icon\"><\/p><\/td>\r\n<\/tr>\r\n\r\n<tr>\r\n<td><a href=\"http:\/\/www.flodim.fr\/fr\/what-we-do\/well-logging\/corrosion-evaluation\/\">Outil d'\u00e9valuation de la corrosion<\/a><\/td>\r\n<td><p class=\"flodim_icon\" title=\"Made by Flodim\"><\/p><\/td>\r\n<td>Evaluation de la corrosion<\/td>\r\n<td><p class=\"coming_icon\"><\/p><\/td><\/tr>\r\n  \r\n<tr>\r\n<td><a href=\"http:\/\/www.flodim.fr\/fr\/what-we-do\/geothermal-wells\/high-temperature-cameras\/\">Cam\u00e9ras de forage<\/a><\/td>\r\n<td><p class=\"flodim_icon\" title=\"Made by Flodim\"><\/p><\/td>\r\n<td>Vid\u00e9os et photos axiales &amp; lat\u00e9rales (HT\/HP, ATEX, Mini, ...)<\/td>\r\n<td><p class=\"pdf_icon\"><\/p><\/td><\/tr>\r\n\r\n<tr>\r\n<td><a href=\"http:\/\/www.flodim.fr\/fr\/what-we-do\/cavern-services\/explorer\/\">Explorer G2<\/a><\/td>\r\n<td><p class=\"flodim_icon\" title=\"Made by Flodim\"><\/p><\/td>\r\n<td>DSCL*, gamma-ray, inclinaison, pression, temp\u00e9rature, v\u00e9locit\u00e9<\/td>\r\n<td><p class=\"pdf_icon\"><\/p><\/td><\/tr>\r\n  \r\n<tr>\r\n<td><a href=\"http:\/\/www.flodim.fr\/fr\/what-we-do\/cavern-services\/casing-cutter\/\">EZ Cutter<\/a><\/td>\r\n<td><p class=\"flodim_icon\" title=\"Made by Flodim\"><\/p><\/td>\r\n<td>Coupe de tubage \u00e9l\u00e9ctrochimique<\/td>\r\n<td><p class=\"pdf_icon\"><\/p><\/td><\/tr>\r\n  \r\n<tr>\r\n<td><a href=\"http:\/\/www.flodim.fr\/fr\/what-we-do\/geothermal-wells\/high-temperature-geochemical\/\">Sonde g\u00e9ochimique<\/a><\/td>\r\n<td><\/td>\r\n<td>Temp\u00e9rature, pression, conductivit\u00e9, oxyg\u00e8ne, ph, redox, gamma-ray<\/td>\r\n<td><p class=\"pdf_icon\"><\/p><\/td><\/tr>\r\n  \r\n<tr>\r\n<td><a href=\"http:\/\/www.flodim.fr\/fr\/what-we-do\/cavern-services\/cavern-logging\/#gyro\/\">Gyro<\/a><\/td>\r\n<td><p class=\"flodim_icon\" title=\"Made by Flodim\"><\/p><\/td>\r\n<td>Inclinaison, azimut<\/td>\r\n<td><p class=\"pdf_icon\"><\/p><\/td><\/tr>\r\n  \r\n<tr>\r\n<td><a href=\"\">Kuster<\/a><\/td>\r\n<td><\/td>\r\n<td>Temp\u00e9rature, pression, d\u00e9bit, CCL*, gamma-ray<\/td>\r\n<td><p class=\"pdf_icon\"><\/p><\/td><\/tr>\r\n  \r\n<tr>\r\n<td><a href=\"http:\/\/www.flodim.fr\/fr\/what-we-do\/cavern-services\/laser-video\/\">Laser Vid\u00e9o<\/a><\/td>\r\n<td><\/td>\r\n<td>Dimensionnement de cavit\u00e9s souterraines en air, vid\u00e9o<\/td>\r\n<td><p class=\"pdf_icon\"><\/p><\/td><\/tr>\r\n  \r\n<tr>\r\n<td><a href=\"http:\/\/www.flodim.fr\/fr\/what-we-do\/cavern-services\/cavern-logging\/#MFC\/\">Diam\u00e9treur 40-bras<\/a><\/td>\r\n<td><\/td>\r\n<td>Diam\u00e9treur 360\u00b0, d\u00e9viation, azimut, temp\u00e9rature, CCL*, gamma-ray<\/td>\r\n<td><p class=\"pdf_icon\"><\/p><\/td><\/tr>\r\n  \r\n<tr>\r\n<td><a href=\"http:\/\/www.flodim.fr\/fr\/what-we-do\/cavern-services\/blanket-level-control\/\">PNT<\/a><\/td>\r\n<td><\/td>\r\n<td>Neutron capture, gamma-ray, DSCL, temp\u00e9rature<\/td>\r\n<td><p class=\"pdf_icon\"><\/p><\/td><\/tr>\r\n  \r\n<tr>\r\n<td><a href=\"http:\/\/www.flodim.fr\/fr\/what-we-do\/cavern-services\/blanket-level-control\/\">PNT-PT<\/a><\/td>\r\n<td><\/td>\r\n<td>Neutron capture, gamma-ray, DSCL, temp\u00e9rature, pression<\/td>\r\n<td><p class=\"pdf_icon\"><\/p><\/td><\/tr>\r\n  \r\n<tr>\r\n<td><a href=\"http:\/\/www.flodim.fr\/fr\/what-we-do\/cavern-services\/cavern-logging\/#PT\/\">PT<\/a><\/td>\r\n<td><p class=\"flodim_icon\" title=\"Made by Flodim\"><\/p><\/td>\r\n<td>DSCL, pression, temp\u00e9rature, gamma-ray<\/td>\r\n<td><p class=\"pdf_icon\"><\/p><\/td><\/tr>\r\n  \r\n<tr>\r\n<td><a href=\"http:\/\/www.flodim.fr\/fr\/what-we-do\/cavern-services\/cavern-logging\/#PT\/\">PT Memory<\/a><\/td>\r\n<td><p class=\"flodim_icon\" title=\"Made by Flodim\"><\/p><\/td>\r\n<td>Pression, temp\u00e9rature<\/td>\r\n<td><p class=\"pdf_icon\"><\/p><\/td><\/tr>\r\n  \r\n<tr>\r\n<td><a href=\"http:\/\/www.flodim.fr\/fr\/what-we-do\/cavern-services\/cavern-logging\/#PT\/\">PT\/Flow 125<\/a><\/td>\r\n<td><\/td>\r\n<td>Pression, temp\u00e9rature, d\u00e9bit, conductivit\u00e9<\/td>\r\n<td><p class=\"pdf_icon\"><\/p><\/td><\/tr>\r\n  \r\n<tr>\r\n<td><a href=\"http:\/\/www.flodim.fr\/fr\/what-we-do\/cavern-services\/cavern-sonar-survey\/\">Sonar<\/a><\/td>\r\n<td><p class=\"flodim_icon\" title=\"Made by Flodim\"><\/p><\/td>\r\n<td>Dimensionnement de cavit\u00e9s, inclinaison, pression, temp\u00e9rature, v\u00e9locit\u00e9, gamma-ray, DSCL<\/td>\r\n<td><p class=\"pdf_icon\"><\/p><\/td><\/tr>\r\n\r\n<tr>\r\n<td><a href=\"http:\/\/www.flodim.fr\/fr\/what-we-do\/well-logging\/xs-xl-casing-cutters\/\">XS-XL cutters<\/a><\/td>\r\n<td><p class=\"flodim_icon\" title=\"Made by Flodim\"><\/p><\/td>\r\n<td>Coupe de tubage \u00e9l\u00e9ctrochimique<\/td>\r\n<td><p class=\"coming_icon\"><\/p><\/td><\/tr>\r\n<\/tbody>\r\n<\/table>\r\n\r\n\r\n<script>\r\n  \/\/ create pdf links\r\n  \/*var docBaseUrl = \"http:\/\/www.flodim.fr\/specs\/\";\r\n  var anchors = document.querySelectorAll(\"#toolsTable a\");\r\n  anchors.forEach(function(item)\r\n  {\r\n  if(item.hasAttribute(\"href\"))\r\n  \t\titem.href = docBaseUrl + item.getAttribute(\"href\");\r\n  });*\/\r\n  \r\n  \/\/ <a href=\"mailto:support@flodim.fr?subject=Enquiry about &body=Hello,%0D%0ACould you please provide me with more information about  ?%0D%0ABest regards.\" >\r\n  \r\n  \r\n  \r\n  \/\/create anchors and datasheet links\r\n  var table = document.getElementById(\"toolsTable\");\r\n  for (var i = 0, row; row = table.rows[i]; i++) \r\n  {\r\n    var toolName = \"\";\r\n  \tfor (var j = 0, col; col = row.cells[j]; j++)\r\n    {\r\n      \r\n      if(j == 0 && i > 0) \/\/ tool name column\r\n      {\r\n      \tvar innerH = col.innerHTML;\r\n        toolName = col.innerText;\r\n        col.innerHTML = \"<a  class='fragmentAnchor' id='\"+toolName.replaceAll(\" \", \"_\")+\"'>\"+innerH;\r\n      }\r\n      if(j==3 && i > 0) \/\/ datasheet column\r\n      {\r\n        var innerH = col.innerHTML;\r\n        var linkO = \"<a href='mailto:contact@flodim.fr?subject=Enquiry about \" + toolName + \"&body=Hello,%0D%0ACould you please provide me with more information about \" + toolName + \" ?%0D%0ABest regards.' >\";\r\n        var linkC = \"\";\r\n        col.innerHTML = linkO + innerH + linkC;\r\n      }      \r\n    }  \r\n  }\r\n  \r\n<\/script><\/div>\n                        <\/div>\n                      <\/div>\n                    <\/div>\n                  <\/div>\n                  <div data-colibri-id=\"3340-c12\" class=\"h-accordion-item style-1505 style-local-3340-c12 position-relative h-element\">\n                    <!---->\n                    <a data-open-by-default=\"false\" href=\"#3340-c12\" class=\"h-accordion-item-title d-flex align-items-center h-global-transition\">\n                      <!----><span>Mesures<\/span>\n                      <div class=\"h-accordion-item-title-normal-icon h-accordion-item-title-icon h-accordion-item-title-icon-right\"><span class=\"h-svg-icon\"><!--Icon by Icons8 Line Awesome (https:\/\/icons8.com\/line-awesome)--><svg version=\"1.1\" xmlns=\"http:\/\/www.w3.org\/2000\/svg\" xmlns:xlink=\"http:\/\/www.w3.org\/1999\/xlink\" id=\"plus\" viewbox=\"0 0 512 545.5\"><path d=\"M240 112h32v160h160v32H272v160h-32V304H80v-32h160V112z\"><\/path><\/svg><\/span><\/div>\n                      <div class=\"h-accordion-item-title-active-icon h-accordion-item-title-icon h-accordion-item-title-icon-right\"><span class=\"h-svg-icon\"><!--Icon by Icons8 Line Awesome (https:\/\/icons8.com\/line-awesome)--><svg version=\"1.1\" xmlns=\"http:\/\/www.w3.org\/2000\/svg\" xmlns:xlink=\"http:\/\/www.w3.org\/1999\/xlink\" id=\"minus\" viewbox=\"0 0 512 545.5\"><path d=\"M80 272h352v32H80v-32z\"><\/path><\/svg><\/span><\/div>\n                    <\/a>\n                    <div id=\"3340-c12\" class=\"h-accordion-item-content__container\">\n                      <div class=\"w-100 h-y-container h-accordion-item-content\">\n                        <!---->\n                        <div data-colibri-id=\"3340-c13\" class=\"style-1512 style-local-3340-c13 position-relative h-element\">\n                          <!---->\n                          <div class=\"\"><table class=\"spec-table align-normal tools-table\" id=\"measurementsTable\"><colgroup> <col> <col> <col> <\/colgroup>\r\n<tbody>\r\n<tr>\r\n<th>Mesure<\/th>\r\n<th>Outils<\/th>\r\n<th>&nbsp;<\/th>\r\n<\/tr>\r\n<tr>\r\n<td>Caliper<\/td>\r\n<td>Caliper XY, ABI, MFC-40<\/td>\r\n<\/tr>\r\n<tr>\r\n<td>DSCL<\/td>\r\n<td>Explorer G2, Gyro, PNT, PNT-PT, PT, Sonar<\/td>\r\n<\/tr>\r\n<tr>\r\n<td>CCL<\/td>\r\n<td>MFC-40, Kuster, CBL<\/td>\r\n<\/tr>\r\n<tr>\r\n<td>Gamma-ray<\/td>\r\n<td>Explorer G2, Gyro, PNT, PNT-PT, PT, Sonar, Geochemical, MFC-40, Kuster, CBL<\/td>\r\n<\/tr>\r\n<tr>\r\n<td>Coupe de tubage<\/td>\r\n<td>EZ Cutter<\/td>\r\n<\/tr>\r\n<tr>\r\n<td>Inclinaison<\/td>\r\n<td>Explorer G2, Gyro, Sonar, ABI<\/td>\r\n<\/tr>\r\n<tr>\r\n<td>Azimut<\/td>\r\n<td>Gyro, ABI, MFC-40, CBL<\/td>\r\n<\/tr>\r\n<tr>\r\n<td>Cavit\u00e9<\/td>\r\n<td>Laser, Sonar<\/td>\r\n<\/tr>\r\n<tr>\r\n<td>Neutron<\/td>\r\n<td>PNT, PNT-PT<\/td>\r\n<\/tr>\r\n<tr>\r\n<td>Temp\u00e9rature<\/td>\r\n<td>Explorer G2, PNT, PNT-PT, PT, PT Memory, Sonar, PT\/Flow 125, Geochemical, MFC-40, Kuster, CBL<\/td>\r\n<\/tr>\r\n<tr>\r\n<td>Pression<\/td>\r\n<td>Explorer G2, PNT-PT, PT, PT Memory, Sonar, PT\/Flow 125, Geochemical, Kuster<\/td>\r\n<\/tr>\r\n<tr>\r\n<td>D\u00e9bit<\/td>\r\n<td>PT\/Flow 125, Kuster<\/td>\r\n<\/tr>\r\n<tr>\r\n<td>Video<\/td>\r\n<td>Camera HD\/HT, Camera 52 AxLat, Camera 73 AxLat, Camera ATEX 74, Camera HT\/HP, Mini 40, Micro 26, Vero 90<\/td>\r\n<\/tr>\r\n<tr>\r\n<td>Image<\/td>\r\n<td>Camera HD\/HT, Camera 52 AxLat, Camera 73 AxLat, Camera ATEX 74, Camera HT\/HP, Mini 40, Micro 26, Vero 90<\/td>\r\n<\/tr>\r\n<tr>\r\n<td>Oxyg\u00e8ne<\/td>\r\n<td>Sonde g\u00e9ochimique<\/td>\r\n<\/tr>\r\n<tr>\r\n<td>Ph<\/td>\r\n<td>Sonde g\u00e9ochimique<\/td>\r\n<\/tr>\r\n<tr>\r\n<td>Redox<\/td>\r\n<td>Sonde g\u00e9ochimique<\/td>\r\n<\/tr>\r\n<tr>\r\n<td>Conductivit\u00e9<\/td>\r\n<td>PT\/Flow 125, Geochemical<\/td>\r\n<\/tr>\r\n<tr>\r\n<td>V\u00e9locit\u00e9<\/td>\r\n<td>Explorer G2, Sonar<\/td>\r\n<\/tr>\r\n<tr>\r\n<td>Echantillonnage<\/td>\r\n<td>Pr\u00e9l\u00e8vement de fond<\/td>\r\n<\/tr>\r\n<\/tbody>\r\n<\/table>\r\n\r\n<script>\r\n\tvar table = document.getElementById(\"measurementsTable\");\r\n\tfor (var i = 0, row; row = table.rows[i]; i++) \r\n  {\r\n  \tfor (var j = 0, col; col = row.cells[j]; j++)\r\n    {\r\n    \tif(j > 0 && i > 0)\r\n      {\r\n      \tvar tools = col.innerHTML.split(\", \");\r\n        col.innerHTML = \"\";\r\n        var t = 0;\r\n        tools.forEach(function(item, index, array) \r\n        {\r\n        \tcol.innerHTML = col.innerHTML + '<a href=#'+item.replaceAll(\" \", \"_\")+'>'+item+''\r\n          if(t < tools.length - 1) \r\n          {\r\n          \tcol.innerHTML = col.innerHTML + \", \";\r\n          }\r\n          t++;\r\n        });\r\n      }\r\n    }  \r\n}\r\n<\/script><\/div>\n                        <\/div>\n                      <\/div>\n                    <\/div>\n                  <\/div>\n                <\/div>\n              <\/div>\n            <\/div>\n          <\/div>\n        <\/div>\n      <\/div>\n    <\/div>\n  <\/div>\n<\/div>","protected":false},"excerpt":{"rendered":"<p>We provide experienced cavern services &amp; well logging interventions with the following tools and measurements : Tools Measurements<\/p>","protected":false},"author":1,"featured_media":0,"parent":0,"menu_order":0,"comment_status":"closed","ping_status":"closed","template":"page-templates\/full-width-page.php","meta":{"content-type":""},"aioseo_notices":[],"_links":{"self":[{"href":"http:\/\/www.flodim.fr\/fr\/wp-json\/wp\/v2\/pages\/3340"}],"collection":[{"href":"http:\/\/www.flodim.fr\/fr\/wp-json\/wp\/v2\/pages"}],"about":[{"href":"http:\/\/www.flodim.fr\/fr\/wp-json\/wp\/v2\/types\/page"}],"author":[{"embeddable":true,"href":"http:\/\/www.flodim.fr\/fr\/wp-json\/wp\/v2\/users\/1"}],"replies":[{"embeddable":true,"href":"http:\/\/www.flodim.fr\/fr\/wp-json\/wp\/v2\/comments?post=3340"}],"version-history":[{"count":20,"href":"http:\/\/www.flodim.fr\/fr\/wp-json\/wp\/v2\/pages\/3340\/revisions"}],"predecessor-version":[{"id":8553,"href":"http:\/\/www.flodim.fr\/fr\/wp-json\/wp\/v2\/pages\/3340\/revisions\/8553"}],"wp:attachment":[{"href":"http:\/\/www.flodim.fr\/fr\/wp-json\/wp\/v2\/media?parent=3340"}],"curies":[{"name":"wp","href":"https:\/\/api.w.org\/{rel}","templated":true}]}}