{"id":1292,"date":"2020-10-08T17:18:37","date_gmt":"2020-10-08T15:18:37","guid":{"rendered":"http:\/\/www.blog.flodim.fr\/?page_id=1292"},"modified":"2022-04-11T10:45:59","modified_gmt":"2022-04-11T08:45:59","slug":"well-logging","status":"publish","type":"page","link":"http:\/\/www.flodim.fr\/fr\/what-we-do\/well-logging\/","title":{"rendered":"<p>Diagraphies de puits<\/p>"},"content":{"rendered":"<div data-colibri-id=\"1292-c1\" class=\"style-975 style-local-1292-c1 position-relative\">\n  <!---->\n  <div data-colibri-component=\"section\" data-colibri-id=\"1292-c2\" id=\"initial-content\" class=\"h-section h-section-global-spacing d-flex align-items-lg-center align-items-md-center align-items-center style-976 style-local-1292-c2 position-relative\">\n    <!---->\n    <!---->\n    <div class=\"h-section-grid-container h-section-boxed-container\">\n      <!---->\n      <div data-colibri-id=\"1292-c3\" class=\"h-row-container gutters-row-lg-0 gutters-row-md-0 gutters-row-0 gutters-row-v-lg-0 gutters-row-v-md-0 gutters-row-v-0 style-977 style-local-1292-c3 position-relative\">\n        <!---->\n        <div class=\"h-row justify-content-lg-center justify-content-md-center justify-content-center align-items-lg-stretch align-items-md-stretch align-items-stretch gutters-col-lg-0 gutters-col-md-0 gutters-col-0 gutters-col-v-lg-0 gutters-col-v-md-0 gutters-col-v-0\">\n          <!---->\n          <div class=\"h-column h-column-container d-flex h-col-lg-auto h-col-md-auto h-col-auto style-978-outer style-local-1292-c4-outer\">\n            <div data-colibri-id=\"1292-c4\" class=\"d-flex h-flex-basis h-column__inner h-px-lg-0 h-px-md-0 h-px-0 v-inner-lg-0 v-inner-md-0 v-inner-0 style-978 style-local-1292-c4 position-relative\">\n              <!---->\n              <!---->\n              <div class=\"w-100 h-y-container h-column__content h-column__v-align flex-basis-100 align-self-lg-start align-self-md-start align-self-start\">\n                <!---->\n                <div data-colibri-id=\"1292-c5\" class=\"h-text h-text-component style-979 style-local-1292-c5 drop-cap position-relative h-element\">\n                  <!---->\n                  <!---->\n                  <div class=\"\">\n                    <p>Pour faire face aux nouvelles visions  environnementales, le secteur du P\u00e9trole et Gaz a soutenu le d\u00e9veloppement de concept innovants de tests d'int\u00e9grit\u00e9 m\u00e9canique et d'interventions sur puits pour r\u00e9pondre aux besoins de leurs d\u00e9mantelements et abandons maitris\u00e9s. Dans le m\u00eame temps, le concept de \"smart cost\" pour ces interventions sur puits a  progressivement \u00e9m\u00e9rg\u00e9 pour faire face \u00e0 des budgets serr\u00e9s. \u00c0 cet \u00e9gard, la capacit\u00e9 de FLODIM \u00e0 d\u00e9velopper des outils innovants et sa flexibilit\u00e9 pour r\u00e9pondre et s'adapter aux demandes des nouveaux clients sont de r\u00e9els atouts. Par nos positionnements g\u00e9ographiques strat\u00e9giques, notre \u00e9quipe op\u00e9rationnelle est mobilisable rapidement et pr\u00eate \u00e0 r\u00e9pondre aux besoins de tous nos clients avec la m\u00eame attention.<\/p>\n                  <\/div>\n                <\/div>\n                <div data-colibri-id=\"1292-c6\" class=\"h-text h-text-component style-980 style-local-1292-c6 position-relative h-element\">\n                  <!---->\n                  <!---->\n                  <div class=\"\">\n                    <p>En r\u00e9ponse aux nouvelles probl\u00e9matiques du secteur P\u00e9trole &amp; Gaz, nos brevets d'outils de pr\u00e9l\u00e8vement de fond et de coupe de tubage \u00e9lectrochimique sont en cours d'adaptation avec des r\u00e9sultats prometteurs qui permettront de compl\u00e9ter la gamme de services existants.<\/p>\n                  <\/div>\n                <\/div>\n              <\/div>\n            <\/div>\n          <\/div>\n        <\/div>\n      <\/div>\n    <\/div>\n  <\/div>\n  <div data-colibri-component=\"section\" data-colibri-id=\"1292-c7\" id=\"overlappable\" class=\"h-section h-section-global-spacing d-flex align-items-lg-center align-items-md-center align-items-center style-981 style-local-1292-c7 position-relative\">\n    <!---->\n    <!---->\n    <div class=\"h-section-grid-container h-section-boxed-container\">\n      <!---->\n      <div data-colibri-id=\"1292-c8\" class=\"h-row-container gutters-row-lg-0 gutters-row-md-0 gutters-row-2 gutters-row-v-lg-0 gutters-row-v-md-0 gutters-row-v-2 style-982 style-local-1292-c8 position-relative\">\n        <!---->\n        <div class=\"h-row justify-content-lg-center justify-content-md-center justify-content-center align-items-lg-stretch align-items-md-stretch align-items-stretch gutters-col-lg-0 gutters-col-md-0 gutters-col-2 gutters-col-v-lg-0 gutters-col-v-md-0 gutters-col-v-2\">\n          <!---->\n          <div class=\"h-column h-column-container d-flex h-col-lg-3 h-col-md-3 h-col-12 style-1253-outer style-local-1292-c9-outer\">\n            <div data-colibri-id=\"1292-c9\" class=\"d-flex h-flex-basis h-column__inner h-px-lg-2 h-px-md-3 h-px-2 v-inner-lg-2 v-inner-md-3 v-inner-2 style-1253 style-local-1292-c9 position-relative\">\n              <!---->\n              <!---->\n              <div class=\"w-100 h-y-container h-column__content h-column__v-align flex-basis-100 align-self-lg-start align-self-md-start align-self-start\">\n                <!---->\n                <div data-colibri-id=\"1292-c10\" class=\"d-block style-2131 style-local-1292-c10 imagette-round position-relative h-element\">\n                  <!---->\n                  <div class=\"h-image__frame-container-outer\">\n                    <a href=\"\/fr\/xs-xl-casing-cutters\/\" h-use-smooth-scroll=\"true\" class=\"image-link\">\n                      <div class=\"h-image__frame-container\">\n                        <!---->\n                        <div class=\"h-image__overlay style-2131-overlay style-local-1292-c10-overlay\">\n                          <div class=\"overlay-layer\">\n                            <div class=\"overlay-image-layer\" style=\"background-color: rgb(0, 0, 0); opacity: 0.06;\"><\/div>\n                          <\/div>\n                        <\/div>\n                        <img loading=\"lazy\" width=\"639\" height=\"639\" src=\"http:\/\/www.flodim.fr\/wp-content\/uploads\/2020\/09\/cropped-lab-various-watermark-in-sm-2.jpg\" class=\"wp-image-633 style-2131-image style-local-1292-c10-image\" srcset=\"http:\/\/www.flodim.fr\/wp-content\/uploads\/2020\/09\/cropped-lab-various-watermark-in-sm-2.jpg 639w, http:\/\/www.flodim.fr\/wp-content\/uploads\/2020\/09\/cropped-lab-various-watermark-in-sm-2-300x300.jpg 300w, http:\/\/www.flodim.fr\/wp-content\/uploads\/2020\/09\/cropped-lab-various-watermark-in-sm-2-150x150.jpg 150w\" sizes=\"(max-width: 639px) 100vw, 639px\" alt=\"pipe cuts\">\n                        <div class=\"h-image__frame h-image__frame_shadow h-hide-lg h-hide-md h-hide-sm style-2131-frameImage style-local-1292-c10-frameImage\"><\/div>\n                      <\/div>\n                    <\/a>\n                  <\/div>\n                <\/div>\n                <div data-colibri-id=\"1292-c11\" class=\"h-global-transition-all h-heading style-985 style-local-1292-c11 position-relative h-element\">\n                  <!---->\n                  <div class=\"h-heading__outer style-985 style-local-1292-c11\">\n                    <!---->\n                    <!---->\n                    <a href=\"\/fr\/xs-xl-casing-cutters\/\" h-use-smooth-scroll=\"true\">\n                      <h5 class=\"\">Coupe de tubage    XS - XL<\/h5>\n                    <\/a>\n                  <\/div>\n                <\/div>\n                <div data-colibri-id=\"1292-c12\" class=\"h-text h-text-component style-986 style-local-1292-c12 position-relative h-element\">\n                  <!---->\n                  <!---->\n                  <div class=\"\">\n                    <p>XS Cutter : coupes de tubages 2-7\/8\" \u00e0 7-5\/8\"\n                      <br> XL Cutter : coupes de tubages 7\" \u00e0 20\"<\/p>\n                  <\/div>\n                <\/div>\n              <\/div>\n            <\/div>\n          <\/div>\n          <div class=\"h-column h-column-container d-flex h-col-lg-3 h-col-md-3 h-col-12 style-983-outer style-local-1292-c13-outer\">\n            <div data-colibri-id=\"1292-c13\" class=\"d-flex h-flex-basis h-column__inner h-px-lg-2 h-px-md-3 h-px-2 v-inner-lg-2 v-inner-md-3 v-inner-2 style-983 style-local-1292-c13 position-relative\">\n              <!---->\n              <!---->\n              <div class=\"w-100 h-y-container h-column__content h-column__v-align flex-basis-100 align-self-lg-start align-self-md-start align-self-start\">\n                <!---->\n                <div data-colibri-id=\"1292-c14\" class=\"d-block style-984 style-local-1292-c14 imagette-round position-relative h-element\">\n                  <!---->\n                  <div class=\"h-image__frame-container-outer\">\n                    <a href=\"\/fr\/bottom-hole-sampling\/\" h-use-smooth-scroll=\"true\" class=\"image-link\">\n                      <div class=\"h-image__frame-container\">\n                        <!---->\n                        <div class=\"h-image__overlay style-984-overlay style-local-1292-c14-overlay\">\n                          <div class=\"overlay-layer\">\n                            <div class=\"overlay-image-layer\" style=\"background-color: rgb(0, 0, 0); opacity: 0.06;\"><\/div>\n                          <\/div>\n                        <\/div>\n                        <img loading=\"lazy\" width=\"628\" height=\"628\" src=\"http:\/\/www.flodim.fr\/wp-content\/uploads\/2020\/10\/cropped-Crude-Oil-Samples.jpg\" class=\"wp-image-1298 style-984-image style-local-1292-c14-image\" srcset=\"http:\/\/www.flodim.fr\/wp-content\/uploads\/2020\/10\/cropped-Crude-Oil-Samples.jpg 628w, http:\/\/www.flodim.fr\/wp-content\/uploads\/2020\/10\/cropped-Crude-Oil-Samples-300x300.jpg 300w, http:\/\/www.flodim.fr\/wp-content\/uploads\/2020\/10\/cropped-Crude-Oil-Samples-150x150.jpg 150w, http:\/\/www.flodim.fr\/wp-content\/uploads\/2020\/10\/cropped-Crude-Oil-Samples-12x12.jpg 12w\" sizes=\"(max-width: 628px) 100vw, 628px\" alt=\"\">\n                        <div class=\"h-image__frame h-image__frame_shadow h-hide-lg h-hide-md h-hide-sm style-984-frameImage style-local-1292-c14-frameImage\"><\/div>\n                      <\/div>\n                    <\/a>\n                  <\/div>\n                <\/div>\n                <div data-colibri-id=\"1292-c15\" class=\"h-global-transition-all h-heading style-985 style-local-1292-c15 position-relative h-element\">\n                  <!---->\n                  <div class=\"h-heading__outer style-985 style-local-1292-c15\">\n                    <!---->\n                    <!---->\n                    <a href=\"\/fr\/bottom-hole-sampling\/\" h-use-smooth-scroll=\"true\">\n                      <h5 class=\"\">PRELEVEMENT DE FOND<\/h5>\n                    <\/a>\n                  <\/div>\n                <\/div>\n                <div data-colibri-id=\"1292-c16\" class=\"h-text h-text-component style-986 style-local-1292-c16 position-relative h-element\">\n                  <!---->\n                  <!---->\n                  <div class=\"\">\n                    <p>Ce syst\u00e8me d'\u00e9chantillonnage de fond est le seul  qui permette au laboratoire d'analyser la composition de l'\u00e9chantillon dans les conditions exactes du r\u00e9servoir.<\/p>\n                  <\/div>\n                <\/div>\n              <\/div>\n            <\/div>\n          <\/div>\n          <div class=\"h-column h-column-container d-flex h-col-lg-3 h-col-md-3 h-col-12 style-1253-outer style-local-1292-c17-outer\">\n            <div data-colibri-id=\"1292-c17\" class=\"d-flex h-flex-basis h-column__inner h-px-lg-2 h-px-md-3 h-px-2 v-inner-lg-2 v-inner-md-3 v-inner-2 style-1253 style-local-1292-c17 position-relative\">\n              <!---->\n              <!---->\n              <div class=\"w-100 h-y-container h-column__content h-column__v-align flex-basis-100 align-self-lg-start align-self-md-start align-self-start\">\n                <!---->\n                <div data-colibri-id=\"1292-c18\" class=\"d-block style-2132 style-local-1292-c18 imagette-round position-relative h-element\">\n                  <!---->\n                  <div class=\"h-image__frame-container-outer\">\n                    <a href=\"http:\/\/www.flodim.fr\/fr\/what-we-do\/well-logging\/corrosion-evaluation\/\" h-use-smooth-scroll=\"true\" class=\"image-link\">\n                      <div class=\"h-image__frame-container\">\n                        <!---->\n                        <div class=\"h-image__overlay style-2132-overlay style-local-1292-c18-overlay\">\n                          <div class=\"overlay-layer\">\n                            <div class=\"overlay-image-layer\" style=\"background-color: rgb(0, 0, 0); opacity: 0.06;\"><\/div>\n                          <\/div>\n                        <\/div>\n                        <img loading=\"lazy\" width=\"380\" height=\"380\" src=\"http:\/\/www.flodim.fr\/wp-content\/uploads\/2020\/10\/cropped-40arm.jpg\" class=\"wp-image-1296 style-2132-image style-local-1292-c18-image\" srcset=\"http:\/\/www.flodim.fr\/wp-content\/uploads\/2020\/10\/cropped-40arm.jpg 380w, http:\/\/www.flodim.fr\/wp-content\/uploads\/2020\/10\/cropped-40arm-300x300.jpg 300w, http:\/\/www.flodim.fr\/wp-content\/uploads\/2020\/10\/cropped-40arm-150x150.jpg 150w, http:\/\/www.flodim.fr\/wp-content\/uploads\/2020\/10\/cropped-40arm-12x12.jpg 12w\" sizes=\"(max-width: 380px) 100vw, 380px\" alt=\"\">\n                        <div class=\"h-image__frame h-image__frame_shadow h-hide-lg h-hide-md h-hide-sm style-2132-frameImage style-local-1292-c18-frameImage\"><\/div>\n                      <\/div>\n                    <\/a>\n                  <\/div>\n                <\/div>\n                <div data-colibri-id=\"1292-c19\" class=\"h-global-transition-all h-heading style-987 style-local-1292-c19 position-relative h-element\">\n                  <!---->\n                  <div class=\"h-heading__outer style-987 style-local-1292-c19\">\n                    <!---->\n                    <!---->\n                    <a href=\"http:\/\/www.flodim.fr\/fr\/what-we-do\/well-logging\/corrosion-evaluation\/\" h-use-smooth-scroll=\"true\">\n                      <h5 class=\"\">EVALUATION DE LA CORROSION <\/h5>\n                    <\/a>\n                  <\/div>\n                <\/div>\n                <div data-colibri-id=\"1292-c20\" class=\"h-text h-text-component style-986 style-local-1292-c20 position-relative h-element\">\n                  <!---->\n                  <!---->\n                  <div class=\"\">\n                    <p>Gr\u00e2ce \u00e0 ses nombreux capteurs GR et DSCL. Caliper 20 bras, le C.E.T. est l'instrument id\u00e9al pour \u00e9valuer rapidement et pr\u00e9cisement l'\u00e9tat de corrosion des tubages et leurs anomalies.<\/p>\n                  <\/div>\n                <\/div>\n              <\/div>\n            <\/div>\n          <\/div>\n          <div class=\"h-column h-column-container d-flex h-col-lg-3 h-col-md-3 h-col-12 style-1513-outer style-local-1292-c21-outer\">\n            <div data-colibri-id=\"1292-c21\" class=\"d-flex h-flex-basis h-column__inner h-px-lg-2 h-px-md-2 h-px-2 v-inner-lg-2 v-inner-md-2 v-inner-2 style-1513 style-local-1292-c21 position-relative\">\n              <!---->\n              <!---->\n              <div class=\"w-100 h-y-container h-column__content h-column__v-align flex-basis-100 align-self-lg-start align-self-md-start align-self-start\">\n                <!---->\n                <div data-colibri-id=\"1292-c22\" class=\"d-block style-984 style-local-1292-c22 imagette-round position-relative h-element\">\n                  <!---->\n                  <div class=\"h-image__frame-container-outer\">\n                    <a href=\"http:\/\/www.flodim.fr\/fr\/what-we-do\/cavern-services\/cavern-logging\/\" h-use-smooth-scroll=\"true\" class=\"image-link\">\n                      <div class=\"h-image__frame-container\">\n                        <!---->\n                        <div class=\"h-image__overlay style-984-overlay style-local-1292-c22-overlay\">\n                          <div class=\"overlay-layer\">\n                            <div class=\"overlay-image-layer\" style=\"background-color: rgb(0, 0, 0); opacity: 0.06;\"><\/div>\n                          <\/div>\n                        <\/div>\n                        <img loading=\"lazy\" width=\"897\" height=\"896\" src=\"http:\/\/www.flodim.fr\/wp-content\/uploads\/2020\/10\/cropped-gaia-abi.png\" class=\"wp-image-1111 style-984-image style-local-1292-c22-image\" srcset=\"http:\/\/www.flodim.fr\/wp-content\/uploads\/2020\/10\/cropped-gaia-abi.png 897w, http:\/\/www.flodim.fr\/wp-content\/uploads\/2020\/10\/cropped-gaia-abi-300x300.png 300w, http:\/\/www.flodim.fr\/wp-content\/uploads\/2020\/10\/cropped-gaia-abi-150x150.png 150w, http:\/\/www.flodim.fr\/wp-content\/uploads\/2020\/10\/cropped-gaia-abi-768x767.png 768w\" sizes=\"(max-width: 897px) 100vw, 897px\" alt=\"\">\n                        <div class=\"h-image__frame h-image__frame_shadow h-hide-lg h-hide-md h-hide-sm style-984-frameImage style-local-1292-c22-frameImage\"><\/div>\n                      <\/div>\n                    <\/a>\n                  <\/div>\n                <\/div>\n                <div data-colibri-id=\"1292-c23\" class=\"h-global-transition-all h-heading style-987 style-local-1292-c23 position-relative h-element\">\n                  <!---->\n                  <div class=\"h-heading__outer style-987 style-local-1292-c23\">\n                    <!---->\n                    <!---->\n                    <a href=\"http:\/\/www.flodim.fr\/fr\/what-we-do\/cavern-services\/cavern-logging\/\" h-use-smooth-scroll=\"true\">\n                      <h5 class=\"\">DIAGRAPHIES<\/h5>\n                    <\/a>\n                  <\/div>\n                <\/div>\n                <div data-colibri-id=\"1292-c24\" class=\"h-text h-text-component style-986 style-local-1292-c24 position-relative h-element\">\n                  <!---->\n                  <!---->\n                  <div class=\"\">\n                    <p>Instruments de diagraphies standards, n\u00e9cessaires \u00e0 la r\u00e9alisation des M.I.T.,  du C.B.L. \u00e0 l'A.B.I. en passant par le diam\u00e9treur, les outils de d\u00e9viation ou les essais Pression, Temp\u00e9rature longue dur\u00e9e.<\/p>\n                  <\/div>\n                <\/div>\n              <\/div>\n            <\/div>\n          <\/div>\n        <\/div>\n      <\/div>\n      <div data-colibri-id=\"1292-c25\" class=\"h-row-container gutters-row-lg-2 gutters-row-md-2 gutters-row-0 gutters-row-v-lg-2 gutters-row-v-md-2 gutters-row-v-2 style-989 style-local-1292-c25 position-relative\">\n        <!---->\n        <div class=\"h-row justify-content-lg-center justify-content-md-center justify-content-center align-items-lg-stretch align-items-md-stretch align-items-stretch gutters-col-lg-2 gutters-col-md-2 gutters-col-0 gutters-col-v-lg-2 gutters-col-v-md-2 gutters-col-v-2\">\n          <!---->\n          <div class=\"h-column h-column-container d-flex h-col-lg-auto h-col-md-auto h-col-auto style-990-outer style-local-1292-c26-outer\">\n            <div data-colibri-id=\"1292-c26\" class=\"d-flex h-flex-basis h-column__inner h-px-lg-2 h-px-md-2 h-px-2 v-inner-lg-2 v-inner-md-2 v-inner-2 style-990 style-local-1292-c26 position-relative\">\n              <!---->\n              <!---->\n              <div class=\"w-100 h-y-container h-column__content h-column__v-align flex-basis-100 align-self-lg-start align-self-md-start align-self-start\">\n                <!---->\n                <div data-colibri-id=\"1292-c27\" class=\"style-991 style-local-1292-c27 position-relative h-element\">\n                  <!---->\n                <\/div>\n              <\/div>\n            <\/div>\n          <\/div>\n        <\/div>\n      <\/div>\n    <\/div>\n  <\/div>\n  <div data-colibri-component=\"section\" data-colibri-id=\"1292-c28\" class=\"h-section h-section-global-spacing d-flex align-items-lg-center align-items-md-center align-items-center style-1386 style-local-1292-c28 position-relative\">\n    <!---->\n    <!---->\n    <div class=\"h-section-grid-container h-section-boxed-container\">\n      <!---->\n      <div data-colibri-id=\"1292-c29\" class=\"h-row-container gutters-row-lg-2 gutters-row-md-2 gutters-row-0 gutters-row-v-lg-2 gutters-row-v-md-2 gutters-row-v-2 style-1387 style-local-1292-c29 position-relative\">\n        <!---->\n        <div class=\"h-row justify-content-lg-center justify-content-md-center justify-content-center align-items-lg-stretch align-items-md-stretch align-items-stretch gutters-col-lg-2 gutters-col-md-2 gutters-col-0 gutters-col-v-lg-2 gutters-col-v-md-2 gutters-col-v-2\">\n          <!---->\n          <div class=\"h-column h-column-container d-flex h-col-lg-auto h-col-md-auto h-col-auto style-1388-outer style-local-1292-c30-outer\">\n            <div data-colibri-id=\"1292-c30\" class=\"d-flex h-flex-basis h-column__inner h-px-lg-2 h-px-md-2 h-px-2 v-inner-lg-2 v-inner-md-2 v-inner-2 style-1388 style-local-1292-c30 position-relative\">\n              <!---->\n              <!---->\n              <div class=\"w-100 h-y-container h-column__content h-column__v-align flex-basis-100 align-self-lg-start align-self-md-start align-self-start\">\n                <!---->\n                <div data-colibri-id=\"1292-c31\" class=\"style-1389 style-local-1292-c31 position-relative h-element\">\n                  <!---->\n                  <div class=\"\"><a title=\"Parent topic\" href=\"..\/\">\r\n<div style=\"border:1px solid black; width:40px; height:40px; position:fixed; bottom:50px; left: 20px; border-radius:50%; background-color:rgba(200, 200, 255, .5); background-size:contain; background-image:url('https:\/\/www.flaticon.com\/svg\/static\/icons\/svg\/318\/318504.svg');\" class=\"navkeys\">\r\n<\/div>\r\n<\/a>\r\n\r\n<a title=\"Top of page\" href=\"#\">\r\n<div style=\"border:1px solid black; width:40px; height:40px; position:fixed; bottom:100px; left: 20px; border-radius:50%; background-color:rgba(200, 200, 255, .5); background-size:contain; background-image:url('https:\/\/www.flaticon.com\/svg\/static\/icons\/svg\/318\/318503.svg'); scroll-behavior: smooth;\" class=\"navkeys\">\r\n<\/div>\r\n<\/a><\/div>\n                <\/div>\n              <\/div>\n            <\/div>\n          <\/div>\n        <\/div>\n      <\/div>\n    <\/div>\n  <\/div>\n<\/div>","protected":false},"excerpt":{"rendered":"<p>In the last decade, the Oil &amp; Gas business has significantly enhanced innovative concepts to cope with new environmental and long term visions, Mechanical Integrity Testing to prove the well is still in acceptable working conditions and Well Decommissioning to properly abandon the well itself and the surface equipment. At the same time, the smart [&hellip;]<\/p>","protected":false},"author":1,"featured_media":0,"parent":52,"menu_order":0,"comment_status":"closed","ping_status":"closed","template":"page-templates\/full-width-page.php","meta":{"content-type":""},"aioseo_notices":[],"_links":{"self":[{"href":"http:\/\/www.flodim.fr\/fr\/wp-json\/wp\/v2\/pages\/1292"}],"collection":[{"href":"http:\/\/www.flodim.fr\/fr\/wp-json\/wp\/v2\/pages"}],"about":[{"href":"http:\/\/www.flodim.fr\/fr\/wp-json\/wp\/v2\/types\/page"}],"author":[{"embeddable":true,"href":"http:\/\/www.flodim.fr\/fr\/wp-json\/wp\/v2\/users\/1"}],"replies":[{"embeddable":true,"href":"http:\/\/www.flodim.fr\/fr\/wp-json\/wp\/v2\/comments?post=1292"}],"version-history":[{"count":20,"href":"http:\/\/www.flodim.fr\/fr\/wp-json\/wp\/v2\/pages\/1292\/revisions"}],"predecessor-version":[{"id":8198,"href":"http:\/\/www.flodim.fr\/fr\/wp-json\/wp\/v2\/pages\/1292\/revisions\/8198"}],"up":[{"embeddable":true,"href":"http:\/\/www.flodim.fr\/fr\/wp-json\/wp\/v2\/pages\/52"}],"wp:attachment":[{"href":"http:\/\/www.flodim.fr\/fr\/wp-json\/wp\/v2\/media?parent=1292"}],"curies":[{"name":"wp","href":"https:\/\/api.w.org\/{rel}","templated":true}]}}